{"id":7636,"date":"2022-03-02T11:12:03","date_gmt":"2022-03-02T10:12:03","guid":{"rendered":"https:\/\/www.storms-galerie.de\/artists\/guenter-fruhtrunk\/presse"},"modified":"2025-07-15T15:16:40","modified_gmt":"2025-07-15T13:16:40","slug":"press","status":"publish","type":"page","link":"https:\/\/www.storms-galerie.de\/en\/artists\/guenter-fruhtrunk\/press","title":{"rendered":"press"},"content":{"rendered":"\n\t\t<section  class=\"content-section      mb-20-xs mb-30-sm  \" >\n\n\t\t\t<div class=\"row   \">\n\n\t\t\t\t[vc_column][vc_column_text css=&#8221;&#8221;]<a href=\"https:\/\/www.faz.net\/aktuell\/rhein-main\/kultur\/vibrierende-fraben-guenter-fruhtrunk-im-museum-wiesbaden-19676453.html\">Frankfurter Allgemeine Zeitung<\/a>, 24.4.2024<br \/>\n\u201eVibrierende Farben&#8221;<\/p>\n<p><a href=\"https:\/\/www.faz.net\/aktuell\/guenter-fruhtrunks-werk-im-museum-wiesbaden-19592993.html\">Frankfurter Allgemeine Zeitung<\/a>, 17.3.2024<br \/>\n\u201eDas Flimmern der Leinwand&#8221;<\/p>\n<p><a href=\"https:\/\/www.storms-galerie.de\/wp-content\/uploads\/2024\/04\/U.pdf\" target=\"_blank\" rel=\"noopener\">Frankfurter Allgemeine Zeitung<\/a>, 6.2.2024<br \/>\n\u201eDer Strom flie\u00dft nicht in die Steckdose&#8221;<\/p>\n<p><a href=\"https:\/\/www.storms-galerie.de\/wp-content\/uploads\/2024\/06\/Denkmalpflege-im-Rheinland.-224.-41.-Jahrgang_Fruhtrunk_.pdf\" target=\"_blank\" rel=\"noopener\">Denkmalpflege im Rheinland<\/a>, 02\/24. 41. Jahrgang<br \/>\n\u201eDie Welt als Kr\u00e4ftespiel. Die Fassadengestaltung G\u00fcnter Fruhtrunks<br \/>\ndes Audimax der ehem. Ingenieurschule f\u00fcr Maschinenwesen, D\u00fcsseldorf&#8221;<\/p>\n<p><a href=\"https:\/\/www.zeit.de\/2023\/51\/guenter-fruhtrunk-kunst-ausstellung-muenchen-bonn-streifen\">Die ZEIT<\/a>, 01.12.2023<br \/>\n\u201eNein, das sind keine Streifen. Es sind Spuren einer gro\u00dfen, nicht fasslichen Bewegung&#8221;<\/p>\n<p><a href=\"https:\/\/www.br.de\/nachrichten\/kultur\/konstruktiv-abstrakt-guenter-fruhtrunk-im-lenbachhaus,TwEETy2\">Bayerischer Rundfunk<\/a>, 21.11.2023<br \/>\n\u201eKonstruktiv abstrakt: G\u00fcnter Fruhtrunk im Lenbachhaus&#8221;<\/p>\n<p><a href=\"https:\/\/www.storms-galerie.de\/wp-content\/uploads\/2023\/04\/2023-04-29_Abendzeitung_Muenchen_Seite_32.pdf\" target=\"_blank\" rel=\"noopener\">Abendzeitung<\/a>, 29.4.2023<br \/>\n\u201eVektoren, Farben und jede Menge Skrupel&#8221;<\/p>\n<p><a href=\"https:\/\/www.storms-galerie.de\/wp-content\/uploads\/2022\/02\/Grafikmagazin_2022_Fruhtrunk.pdf\" target=\"_blank\" rel=\"noopener\">Grafikmagazin<\/a>, 01\/22<br \/>\n\u201eKonstruktiv-konkrete Kunst&#8221;[\/vc_column_text][\/vc_column]\n\t\t\t<\/div>\n\n\t\t\t\n\t\t\t\n\t\t\t\n\t\t\t\n\t\t<\/section>\n\n\t\n","protected":false},"excerpt":{"rendered":"[vc_column][vc_column_text css=\"\"]Frankfurter Allgemeine Zeitung, 24.4.2024 \u201eVibrierende Farben\" Frankfurter Allgemeine Zeitung, 17.3.2024 \u201eDas Flimmern der Leinwand\" Frankfurter Allgemeine Zeitung, 6.2.2024 \u201eDer Strom flie\u00dft nicht in die Steckdose\" Denkmalpflege im Rheinland, 02\/24. 41. Jahrgang \u201eDie Welt als Kr\u00e4ftespiel. Die Fassadengestaltung G\u00fcnter Fruhtrunks des Audimax der ehem. Ingenieurschule f\u00fcr Maschinenwesen, D\u00fcsseldorf\" Die ZEIT, <a class=\"moretag\" href=\"https:\/\/www.storms-galerie.de\/en\/artists\/guenter-fruhtrunk\/press\">read more...<\/a>","protected":false},"author":4,"featured_media":0,"parent":2864,"menu_order":102,"comment_status":"closed","ping_status":"closed","template":"","meta":{"_acf_changed":false,"footnotes":""},"class_list":["post-7636","page","type-page","status-publish","hentry"],"acf":[],"yoast_head":"<!-- This site is optimized with the Yoast SEO plugin v27.3 - https:\/\/yoast.com\/product\/yoast-seo-wordpress\/ -->\n<title>g\u00fcnter fruhtrunk - press - Walter Storms Galerie GmbH<\/title>\n<meta name=\"description\" content=\"Press articles, interviews, reviews, and catalogues on G\u00fcnter Fruhtrunk \u2013 publications from media and art journals.\" \/>\n<meta name=\"robots\" content=\"index, follow, max-snippet:-1, max-image-preview:large, max-video-preview:-1\" \/>\n<link rel=\"canonical\" href=\"https:\/\/www.storms-galerie.de\/en\/artists\/guenter-fruhtrunk\/press\" \/>\n<meta property=\"og:locale\" content=\"en_US\" \/>\n<meta property=\"og:type\" content=\"article\" \/>\n<meta property=\"og:title\" content=\"g\u00fcnter fruhtrunk - press - Walter Storms Galerie GmbH\" \/>\n<meta property=\"og:description\" content=\"Press articles, interviews, reviews, and catalogues on G\u00fcnter Fruhtrunk \u2013 publications from media and art journals.\" \/>\n<meta property=\"og:url\" content=\"https:\/\/www.storms-galerie.de\/en\/artists\/guenter-fruhtrunk\/press\" \/>\n<meta property=\"og:site_name\" content=\"Walter Storms Galerie GmbH\" \/>\n<meta property=\"article:modified_time\" content=\"2025-07-15T13:16:40+00:00\" \/>\n<meta name=\"twitter:card\" content=\"summary_large_image\" \/>\n<meta name=\"twitter:label1\" content=\"Est. reading time\" \/>\n\t<meta name=\"twitter:data1\" content=\"1 minute\" \/>\n<script type=\"application\/ld+json\" class=\"yoast-schema-graph\">{\"@context\":\"https:\\\/\\\/schema.org\",\"@graph\":[{\"@type\":\"WebPage\",\"@id\":\"https:\\\/\\\/www.storms-galerie.de\\\/en\\\/artists\\\/guenter-fruhtrunk\\\/press\",\"url\":\"https:\\\/\\\/www.storms-galerie.de\\\/en\\\/artists\\\/guenter-fruhtrunk\\\/press\",\"name\":\"g\u00fcnter fruhtrunk - press - Walter Storms Galerie GmbH\",\"isPartOf\":{\"@id\":\"https:\\\/\\\/www.storms-galerie.de\\\/#website\"},\"datePublished\":\"2022-03-02T10:12:03+00:00\",\"dateModified\":\"2025-07-15T13:16:40+00:00\",\"description\":\"Press articles, interviews, reviews, and catalogues on G\u00fcnter Fruhtrunk \u2013 publications from media and art journals.\",\"breadcrumb\":{\"@id\":\"https:\\\/\\\/www.storms-galerie.de\\\/en\\\/artists\\\/guenter-fruhtrunk\\\/press#breadcrumb\"},\"inLanguage\":\"en-US\",\"potentialAction\":[{\"@type\":\"ReadAction\",\"target\":[\"https:\\\/\\\/www.storms-galerie.de\\\/en\\\/artists\\\/guenter-fruhtrunk\\\/press\"]}]},{\"@type\":\"BreadcrumbList\",\"@id\":\"https:\\\/\\\/www.storms-galerie.de\\\/en\\\/artists\\\/guenter-fruhtrunk\\\/press#breadcrumb\",\"itemListElement\":[{\"@type\":\"ListItem\",\"position\":1,\"name\":\"Startseite\",\"item\":\"https:\\\/\\\/www.storms-galerie.de\\\/en\"},{\"@type\":\"ListItem\",\"position\":2,\"name\":\"artists\",\"item\":\"https:\\\/\\\/www.storms-galerie.de\\\/en\\\/artists\"},{\"@type\":\"ListItem\",\"position\":3,\"name\":\"g\u00fcnter fruhtrunk\",\"item\":\"https:\\\/\\\/www.storms-galerie.de\\\/en\\\/artists\\\/guenter-fruhtrunk\"},{\"@type\":\"ListItem\",\"position\":4,\"name\":\"press\"}]},{\"@type\":\"WebSite\",\"@id\":\"https:\\\/\\\/www.storms-galerie.de\\\/#website\",\"url\":\"https:\\\/\\\/www.storms-galerie.de\\\/\",\"name\":\"Walter Storms Galerie GmbH\",\"description\":\"\",\"potentialAction\":[{\"@type\":\"SearchAction\",\"target\":{\"@type\":\"EntryPoint\",\"urlTemplate\":\"https:\\\/\\\/www.storms-galerie.de\\\/?s={search_term_string}\"},\"query-input\":{\"@type\":\"PropertyValueSpecification\",\"valueRequired\":true,\"valueName\":\"search_term_string\"}}],\"inLanguage\":\"en-US\"}]}<\/script>\n<!-- \/ Yoast SEO plugin. -->","yoast_head_json":{"title":"g\u00fcnter fruhtrunk - press - Walter Storms Galerie GmbH","description":"Press articles, interviews, reviews, and catalogues on G\u00fcnter Fruhtrunk \u2013 publications from media and art journals.","robots":{"index":"index","follow":"follow","max-snippet":"max-snippet:-1","max-image-preview":"max-image-preview:large","max-video-preview":"max-video-preview:-1"},"canonical":"https:\/\/www.storms-galerie.de\/en\/artists\/guenter-fruhtrunk\/press","og_locale":"en_US","og_type":"article","og_title":"g\u00fcnter fruhtrunk - press - Walter Storms Galerie GmbH","og_description":"Press articles, interviews, reviews, and catalogues on G\u00fcnter Fruhtrunk \u2013 publications from media and art journals.","og_url":"https:\/\/www.storms-galerie.de\/en\/artists\/guenter-fruhtrunk\/press","og_site_name":"Walter Storms Galerie GmbH","article_modified_time":"2025-07-15T13:16:40+00:00","twitter_card":"summary_large_image","twitter_misc":{"Est. reading time":"1 minute"},"schema":{"@context":"https:\/\/schema.org","@graph":[{"@type":"WebPage","@id":"https:\/\/www.storms-galerie.de\/en\/artists\/guenter-fruhtrunk\/press","url":"https:\/\/www.storms-galerie.de\/en\/artists\/guenter-fruhtrunk\/press","name":"g\u00fcnter fruhtrunk - press - Walter Storms Galerie GmbH","isPartOf":{"@id":"https:\/\/www.storms-galerie.de\/#website"},"datePublished":"2022-03-02T10:12:03+00:00","dateModified":"2025-07-15T13:16:40+00:00","description":"Press articles, interviews, reviews, and catalogues on G\u00fcnter Fruhtrunk \u2013 publications from media and art journals.","breadcrumb":{"@id":"https:\/\/www.storms-galerie.de\/en\/artists\/guenter-fruhtrunk\/press#breadcrumb"},"inLanguage":"en-US","potentialAction":[{"@type":"ReadAction","target":["https:\/\/www.storms-galerie.de\/en\/artists\/guenter-fruhtrunk\/press"]}]},{"@type":"BreadcrumbList","@id":"https:\/\/www.storms-galerie.de\/en\/artists\/guenter-fruhtrunk\/press#breadcrumb","itemListElement":[{"@type":"ListItem","position":1,"name":"Startseite","item":"https:\/\/www.storms-galerie.de\/en"},{"@type":"ListItem","position":2,"name":"artists","item":"https:\/\/www.storms-galerie.de\/en\/artists"},{"@type":"ListItem","position":3,"name":"g\u00fcnter fruhtrunk","item":"https:\/\/www.storms-galerie.de\/en\/artists\/guenter-fruhtrunk"},{"@type":"ListItem","position":4,"name":"press"}]},{"@type":"WebSite","@id":"https:\/\/www.storms-galerie.de\/#website","url":"https:\/\/www.storms-galerie.de\/","name":"Walter Storms Galerie GmbH","description":"","potentialAction":[{"@type":"SearchAction","target":{"@type":"EntryPoint","urlTemplate":"https:\/\/www.storms-galerie.de\/?s={search_term_string}"},"query-input":{"@type":"PropertyValueSpecification","valueRequired":true,"valueName":"search_term_string"}}],"inLanguage":"en-US"}]}},"_links":{"self":[{"href":"https:\/\/www.storms-galerie.de\/en\/wp-json\/wp\/v2\/pages\/7636","targetHints":{"allow":["GET"]}}],"collection":[{"href":"https:\/\/www.storms-galerie.de\/en\/wp-json\/wp\/v2\/pages"}],"about":[{"href":"https:\/\/www.storms-galerie.de\/en\/wp-json\/wp\/v2\/types\/page"}],"author":[{"embeddable":true,"href":"https:\/\/www.storms-galerie.de\/en\/wp-json\/wp\/v2\/users\/4"}],"replies":[{"embeddable":true,"href":"https:\/\/www.storms-galerie.de\/en\/wp-json\/wp\/v2\/comments?post=7636"}],"version-history":[{"count":7,"href":"https:\/\/www.storms-galerie.de\/en\/wp-json\/wp\/v2\/pages\/7636\/revisions"}],"predecessor-version":[{"id":11621,"href":"https:\/\/www.storms-galerie.de\/en\/wp-json\/wp\/v2\/pages\/7636\/revisions\/11621"}],"up":[{"embeddable":true,"href":"https:\/\/www.storms-galerie.de\/en\/wp-json\/wp\/v2\/pages\/2864"}],"wp:attachment":[{"href":"https:\/\/www.storms-galerie.de\/en\/wp-json\/wp\/v2\/media?parent=7636"}],"curies":[{"name":"wp","href":"https:\/\/api.w.org\/{rel}","templated":true}]}}