{"id":3536,"date":"2017-09-21T11:53:05","date_gmt":"2017-09-21T09:53:05","guid":{"rendered":"http:\/\/storms.lake-studio.de\/artists\/gerold-miller\/biografie"},"modified":"2025-08-29T18:01:03","modified_gmt":"2025-08-29T16:01:03","slug":"biografie","status":"publish","type":"page","link":"https:\/\/www.storms-galerie.de\/en\/artists\/gerold-miller\/biografie","title":{"rendered":"biography"},"content":{"rendered":"\n\t\t<section  class=\"content-section      mb-20-xs mb-30-sm  \" >\n\n\t\t\t<div class=\"row   \">\n\n\t\t\t\t[vc_column width=&#8221;1\/3&#8243;]\n\t\t<div class=\"ls-vc-image wpb_content_element\">\n\n\t\t\t\n\t\t\t\t<div class=\"image\">\n\n\t\t\t\t\t<div class=\"image__img\">\n\t\t\t\t\t\t<img loading=\"lazy\" decoding=\"async\" width=\"1080\" height=\"1350\" src=\"https:\/\/www.storms-galerie.de\/wp-content\/uploads\/2025\/07\/gerold-miller-portrait.jpg\" class=\"\" alt=\"\" srcset=\"https:\/\/www.storms-galerie.de\/wp-content\/uploads\/2025\/07\/gerold-miller-portrait.jpg 1080w, https:\/\/www.storms-galerie.de\/wp-content\/uploads\/2025\/07\/gerold-miller-portrait-240x300.jpg 240w, https:\/\/www.storms-galerie.de\/wp-content\/uploads\/2025\/07\/gerold-miller-portrait-819x1024.jpg 819w, https:\/\/www.storms-galerie.de\/wp-content\/uploads\/2025\/07\/gerold-miller-portrait-768x960.jpg 768w, https:\/\/www.storms-galerie.de\/wp-content\/uploads\/2025\/07\/gerold-miller-portrait-992x1240.jpg 992w, https:\/\/www.storms-galerie.de\/wp-content\/uploads\/2025\/07\/gerold-miller-portrait-1024x1280.jpg 1024w\" sizes=\"auto, (max-width: 1080px) 100vw, 1080px\" \/>\t\t\t\t\t<\/div>\n\n\t\t\t\t\t\n\t\t\t\t<\/div>\n\n\t\t\t\n\t\t<\/div><!-- end \/.ls-vc-image -->\n\n\t\t[\/vc_column][vc_column width=&#8221;2\/3&#8243;][vc_column_text]The sculptor and object artist Gerold Miller realised early on that everything is subject to a form, without it nothing works. His minimalist wall objects achieve their effect by means of radical monochrome and geometric abstraction. In doing so, he makes use of modern techniques and materials. For example, he uses aluminium or stainless steel as image carriers, which receive their reflective surface thanks to an elaborate lacquering process. Usually, numerous layers of varnish are necessary until the desired transparency and depth are achieved, and each colour requires a different primer. He uses special lacquers that are finally polished to a high gloss. This gives the intense colour compositions their three-dimensional character.<\/p>\n<p>In his work, Miller proceeds almost like an architect: He draws, designs, develops, cuts prototypes by hand and studies the effect of colours under the influence of light and different materials. He works entirely without a computer. He gives his work groups names like &#8220;set&#8221; and &#8220;Monoform&#8221;. With the work group &#8220;Verst\u00e4rker&#8221; (Amplifier), the artist presents free-standing sculptures for indoors and outdoors for the first time.<\/p>\n<p>Gerold Miller (*1961 in Altshausen) studied sculpture at the State Academy of Fine Arts in Stuttgart. This was followed by study visits to Chicago, New York, Paris, Posen and Sydney. The artist has lived and worked in Berlin since 1998.<\/p>\n<p>His work has been presented in numerous international art institutions, e.g. the Nationalgalerie, Berlin, Louisiana Museum of Modern Art in Humleb\u00e6k, Kunstmuseum Stuttgart, Tel-Aviv Museum of Art, Museo de Arte Latinoamericano de Buenos Aires, Museum Moderner Kunst, Vienna, Fondation Cartier pour l&#8217;Art Contemporain, Paris, Schirn Kunsthalle, Frankfurt am Main, CAPC Mus\u00e9e d&#8217;Art Contemporain Bordeaux or the Kunsthalle Winterthur. In 2016, the Ulm Kunsthalle Weishaupt dedicated a comprehensive, retrospective solo exhibition to the artist.<\/p>\n<p>His works are also present in many private and public collections, including: NOMA New Orleans Museum of Art, Louisiana Museum of Modern Art, Kunstmuseum Stuttgart, Staatsgalerie Stuttgart, Soci\u00e9t\u00e9 G\u00e9n\u00e9rale, Paris, Sammlung Schauwerk Sindelfingen, Berlinische Galerie, Daimler AG, Stuttgart\/ Berlin, Rozenblum Foundation, Buenos Aires, Esbjerg Museum, Borusan Contemporary, Istanbul, Sammlung Deutsche Bank AG, Museum Ritter, Waldenbuch\/ Stuttgart, Federal Ministry of Art, Vienna, Graphische Sammlung der ETH Z\u00fcrich, Mallorca Art Foundation, Mus\u00e9e d&#8217;Art et de la Histoire Neuch\u00e2tel, Museum Ostwall, Dortmund, MONTBLANC Cutting Edge Collection, Hamburg, Museo d&#8217;Arte della Svizzera Italiana, Lugano and Villa Merkel, Esslingen.[\/vc_column_text][\/vc_column]\n\t\t\t<\/div>\n\n\t\t\t\n\t\t\t\n\t\t\t\n\t\t\t\n\t\t<\/section>\n\n\t\n\t\t<section  class=\"content-section      mb-20-xs mb-30-sm  \" >\n\n\t\t\t<div class=\"row   \">\n\n\t\t\t\t[vc_column][ls_vc_spacer vc_height=&#8221;30&#8243;][\/vc_column]\n\t\t\t<\/div>\n\n\t\t\t\n\t\t\t\n\t\t\t\n\t\t\t\n\t\t<\/section>\n\n\t\n\t\t<section  class=\"content-section      mb-20-xs mb-30-sm  \" >\n\n\t\t\t<div class=\"row   \">\n\n\t\t\t\t[vc_column][vc_column_text css=&#8221;&#8221;]<strong>education<\/strong><\/p>\n<p><strong data-start=\"174\" data-end=\"182\">1999<\/strong><br data-start=\"182\" data-end=\"185\" \/>Artist-in-Residence, Artspace Visual Art Center, Sydney<br \/>\n<strong data-start=\"242\" data-end=\"250\">1994<\/strong><br data-start=\"250\" data-end=\"253\" \/>Scholarship, Cit\u00e9 Internationale des Arts, Paris<br \/>\n<strong data-start=\"303\" data-end=\"314\">1990-91<\/strong><br data-start=\"314\" data-end=\"317\" \/>DAAD Scholarship, Chicago<br \/>\n<strong data-start=\"344\" data-end=\"352\">1990<\/strong><br data-start=\"352\" data-end=\"355\" \/>Scholarship, Kunststiftung Baden-W\u00fcrttemberg<br \/>\n<strong data-start=\"401\" data-end=\"414\">1984-89<\/strong><br data-start=\"414\" data-end=\"417\" \/>Studied Sculpture at the State Academy of Fine Arts Stuttgart (Prof. J\u00fcrgen Brodwolf)<\/p>\n<div class=\"ls-shortcode-spacer clearfix\"><div class=\"spacer\"  style=\"height: 30px\"><\/div><\/div>\n<p><strong>awards<\/strong><\/p>\n<p><strong data-start=\"74\" data-end=\"82\">2023<\/strong><br data-start=\"82\" data-end=\"85\" \/>Award from Dr. Helmut Kraft Foundation<br \/>\n<strong data-start=\"125\" data-end=\"133\">2001<\/strong><br data-start=\"133\" data-end=\"136\" \/>International Bodensee Culture Prize<\/p>\n<p data-start=\"74\" data-end=\"123\"><div class=\"ls-shortcode-spacer clearfix\"><div class=\"spacer\"  style=\"height: 30px\"><\/div><\/div>\n<p data-start=\"155\" data-end=\"214\"><strong>selected public collections<\/strong><\/p>\n<p>Berlinische Galerie, Berlin<br \/>\nBorusan Contemporary, Istanbul<br \/>\nDaimler AG, Stuttgart\/Berlin<br \/>\nEsbjerg Kunstmuseum, Esbjerg<br \/>\nGraphische Sammlung der ETH, Z\u00fcrich<br \/>\nHamburger Kunsthalle<br \/>\nKunsthalle Mannheim, Mannheim<br \/>\nKunstmuseum Singen, Singen<br \/>\nKunstmuseum Stuttgart, Stuttgart<br \/>\nKunstsammlung des Deutschen Bundestages, Berlin<br \/>\nLenbachhaus, M\u00fcnchen<br \/>\nLouisiana Museum of Modern Art, Humlebaek<br \/>\nMAHN Mus\u00e9e d&#8217;Art et de l&#8217;Histoire Neuch\u00e2tel, Neuenburg<br \/>\nMAMbo &#8211; Museo d&#8217;Arte Moderna di Bologna<br \/>\nMO Museum Ostwall im Dortmunder U, Dortmund<br \/>\nMuseo d&#8217;Arte della Svizzera Italiana, Lugano<br \/>\nMuseum f\u00fcr Angewandte Kunst, K\u00f6ln<br \/>\nMuseum f\u00fcr Konkrete Kunst, Ingolstadt<br \/>\nMuseum gegenstandsfreier Kunst, Otterndorf<br \/>\nNationalgalerie, Berlin<br \/>\nNeues Museum, Staatliches Museum f\u00fcr Kunst und Design N\u00fcrnberg<br \/>\nNOMA New Orleans Museum of Art, New Orleans<br \/>\nNorbert Francis Attard Foundation, Valletta<br \/>\nRozenblum Foundation, Buenos Aires<br \/>\nSoci\u00e9t\u00e9 G\u00e9n\u00e9rale, Paris<br \/>\nStaatsgalerie Stuttgart, Stuttgart<br \/>\nWilhelm-Hack-Museum, Ludwigshafen<\/p>\n<p data-start=\"155\" data-end=\"214\"><div class=\"ls-shortcode-spacer clearfix\"><div class=\"spacer\"  style=\"height: 30px\"><\/div><\/div>\n<p data-start=\"155\" data-end=\"214\"><strong>selected solo shows<\/strong><\/p>\n<p data-start=\"227\" data-end=\"286\"><strong data-start=\"227\" data-end=\"235\">2025<\/strong><br data-start=\"235\" data-end=\"238\" \/>Thomas Wachholz | Gerold Miller, PS, Amsterdam<br \/>\n<strong data-start=\"288\" data-end=\"296\">2024<\/strong><br data-start=\"296\" data-end=\"299\" \/>Br\u00f6han Museum, Berlin<br \/>\n<strong data-start=\"339\" data-end=\"347\">2023<\/strong><br data-start=\"347\" data-end=\"350\" \/>Gerold Miller. Modern Sculpture, VAN HORN, D\u00fcsseldorf<br \/>\n<strong data-start=\"453\" data-end=\"461\">2022<\/strong><br data-start=\"461\" data-end=\"464\" \/>Verst\u00e4rker, Mies van der Rohe Haus, Berlin<br \/>\n<strong data-start=\"589\" data-end=\"597\">2021<\/strong><br data-start=\"597\" data-end=\"600\" \/>Christine Liebich | Gerold Miller, Neuer Aachener Kunstverein, Aachen<br data-start=\"669\" data-end=\"672\" \/>[Project Gerold Miller], Museum f\u00fcr Konkrete Kunst, Ingolstadt<br \/>\n<strong data-start=\"788\" data-end=\"796\">2016<\/strong><br data-start=\"796\" data-end=\"799\" \/>Kunsthalle Weishaupt, Ulm<br data-start=\"839\" data-end=\"842\" \/>Gerold Miller &#8230; they called me the framemaker, Kunststiftung Baden-W\u00fcrttemberg, Stuttgart<br \/>\n<strong data-start=\"937\" data-end=\"945\">2014<\/strong><br data-start=\"945\" data-end=\"948\" \/>Gerold Miller. Mies van der Rohe, Mies van der Rohe Haus, Berlin<br \/>\n<strong data-start=\"1016\" data-end=\"1024\">2011<\/strong><br data-start=\"1024\" data-end=\"1027\" \/>Esbjerg Kunstmuseum, Esbjerg<br data-start=\"1070\" data-end=\"1073\" \/>St\u00e4dtische Galerie &#8220;F\u00e4hre&#8221;, Bad Saulgau<br \/>\n<strong data-start=\"1131\" data-end=\"1139\">2010<\/strong><br data-start=\"1139\" data-end=\"1142\" \/>Museum gegenstandsfreier Kunst, Otterndorf<br \/>\n<strong data-start=\"1203\" data-end=\"1211\">2002<\/strong><br data-start=\"1211\" data-end=\"1214\" \/>Gerold Miller. get ready, Nationalgalerie im Hamburger Bahnhof \u2013 Museum f\u00fcr Gegenwart, Berlin<br \/>\n<strong data-start=\"1311\" data-end=\"1319\">2001<\/strong><br data-start=\"1319\" data-end=\"1322\" \/>St\u00e4dtisches Kunstmuseum, Singen<br \/>\n<strong data-start=\"1372\" data-end=\"1380\">1997<\/strong><br data-start=\"1380\" data-end=\"1383\" \/>Museum am Ostwall, Dortmund<br data-start=\"1425\" data-end=\"1428\" \/>Institute of Modern Art, Brisbane<\/p>\n<p data-start=\"657\" data-end=\"714\"><div class=\"ls-shortcode-spacer clearfix\"><div class=\"spacer\"  style=\"height: 30px\"><\/div><\/div>\n<p data-start=\"657\" data-end=\"714\"><strong>selected group shows<\/strong><\/p>\n<p><strong data-start=\"424\" data-end=\"432\">2025<br \/>\n<\/strong>PINK, m.simons, Amsterdam<br \/>\nLe Grand Bleu, NEO Kunst- und Kulturlabor x VogelART, Nice<br \/>\nDoppelk\u00e4seplatte. 100 Jahre Sammlung. 20 Jahre Kunstmuseum Stuttgart, Stuttgart<br \/>\n<strong data-start=\"739\" data-end=\"747\">2024<\/strong><br \/>\n\u201eDas Quadrat muss den Raum beherrschen!\u201c Aur\u00e9lie Nemours und Zeitgenossen, Kunstmuseum Reutlingen<br \/>\nLouisiana visits Franz Gertsch. Post-War and Contemporary Art in Dialogue, Museum Franz Gertsch, Burgdorf<br \/>\nPoesie der Elemente, Wilhelm-Hack-Museum, Ludwigshafen<br \/>\n<strong data-start=\"1147\" data-end=\"1155\">2023<br \/>\n<\/strong>Arbeiten aus der Sammlung, Museum gegenstandsfreier Kunst, Otterndorf<br \/>\nKlare Kante, Sebastian Fath Contemporary, Mannheim<br \/>\nLike it! Von den H\u00f6ri-K\u00fcnstlern zur Gegenwartskunst, Kunstmuseum Singen<br \/>\nThe man in the three-piece suit, ASHES\/ASHES, New York<br \/>\n<strong data-start=\"1593\" data-end=\"1601\">2022<br \/>\n<\/strong>Miller to Walters: Gerold Miller and Gordon Walters, STARKWHITE, Auckland<br \/>\nReine Formsache! Konstruktiv-konkrete Kunst aus der Sammlung Weishaupt, Kunsthalle Weishaupt, Ulm<br \/>\nPaint it all! Aktuelle Malerei aus Berlin, Berlinische Galerie, Berlin<br \/>\nBerliner Zimmer Reloaded, Landesvertretung Baden-W\u00fcrttemberg, Berlin<br \/>\nSous le motif, Collection d&#8217;Art Soci\u00e9t\u00e9 G\u00e9n\u00e9rale, Paris<br \/>\neditions.1, Cit\u00e9 Danzas, Saint-Louis<br \/>\nMinimal Art, Bucerius Kunst Forum, Hamburg<br \/>\nIn erster Linie. Werke aus der Sammlung Stadler, Neues Museum, Nuremberg<br \/>\n<strong data-start=\"2157\" data-end=\"2165\">2021<br \/>\n<\/strong>Friendship. Nature. Culture, Daimler Art Collection, Berlin<br \/>\nx_minimal, Cassina Projects, Milan<br \/>\n<strong data-start=\"2312\" data-end=\"2320\">2020<\/strong><br \/>\nINDEX, Marco y ffprojects, Museo de Arte Contempor\u00e1neo de Monterrey, Mexico<br \/>\nMixed Zone, Dialoge zwischen Kunst und Design, Neues Museum, Nuremberg<br \/>\n<strong data-start=\"2594\" data-end=\"2602\">2019<br \/>\n<\/strong>PS 1999\u20132019, PS projectspace, Amsterdam<br \/>\nBig Circle. Exposition #2, kuratiert von Tilman, M17 Contemporary Art Center, Kiew<br \/>\nThe Abstract Cabinet, kuratiert von Friederike Nymphius, Eduardo Secci Contemporary, Florence<br \/>\nA Poetics of the Multiple, Galerie de Multiples at l\u2019Artoth\u00e8que, Caen<br \/>\nGerman, Berlin and international art from the 1950s to the present day, Daimler Art Collection, Berlin<br \/>\n<strong data-start=\"3016\" data-end=\"3024\">2018<br \/>\n<\/strong>Ausgang offen, Neues aus der Sammlung, Kunsthalle Weishaupt, Ulm<br \/>\nBlue Monday, Estudio Aldo Chaparro, Mexico D.F<br \/>\n<strong data-start=\"3148\" data-end=\"3156\">2017<br \/>\n<\/strong>Nord-West Zeitgen\u00f6ssisch, Kunstmuseum Bremerhaven<br \/>\nCollection Display, MASILugano, Museo d\u2019arte della Svizzera italiana, Lugano<br \/>\n<strong data-start=\"3295\" data-end=\"3303\">2016<\/strong><br \/>\nIlumination, New Contemporary Art, Louisiana Museum of Modern Art, Humleb\u00e6k<br \/>\n<strong data-start=\"3457\" data-end=\"3465\">2015<br \/>\n<\/strong>Plus\/Minus. Einblicke in die Kunstsammlung der OEW, St\u00e4dtische Galerie Ehingen<br \/>\n<strong data-start=\"3552\" data-end=\"3560\">2012<br \/>\n<\/strong>The Play of The Plan, Takasaki Museum of Art, Japan<br \/>\nRasterfahndung. Das Raster in der Kunst nach 1945, Kunstmuseum Stuttgart<br \/>\n<strong data-start=\"3697\" data-end=\"3705\">2010<br \/>\n<\/strong>Sampler #1, Galleria Alessandro de March, Mailand<br \/>\nDaimler Art Collection, Museo de Arte Latinoamericano, Buenos Aires<br \/>\n<strong data-start=\"3835\" data-end=\"3843\">2004<br \/>\n<\/strong>The DaimlerChrysler Collection, Pretoria Art Museum, Kapstadt; Museum Africa, Johannesburg<br \/>\nPaul Blanca, Stephen Gram, Gerold Miller, PS projectspace, Amsterdam<br \/>\n<strong data-start=\"4068\" data-end=\"4076\">2000<br \/>\n<\/strong>MONOCHROMES, University Art Museum, Brisbane<br \/>\n<strong data-start=\"4129\" data-end=\"4137\">1999<br \/>\n<\/strong>Primary Structures, Galerie f\u00fcr Zeitgen\u00f6ssische Kunst, Leipzig<\/p>\n<p>&nbsp;<\/p>\n[\/vc_column_text][\/vc_column]\n\t\t\t<\/div>\n\n\t\t\t\n\t\t\t\n\t\t\t\n\t\t\t\n\t\t<\/section>\n\n\t\n","protected":false},"excerpt":{"rendered":"[vc_column width=\"1\/3\"] [\/vc_column][vc_column width=\"2\/3\"][vc_column_text]The sculptor and object artist Gerold Miller realised early on that everything is subject to a form, without it nothing works. His minimalist wall objects achieve their effect by means of radical monochrome and geometric abstraction. In doing so, he makes use of modern techniques and materials. <a class=\"moretag\" href=\"https:\/\/www.storms-galerie.de\/en\/artists\/gerold-miller\/biografie\">read more...<\/a>","protected":false},"author":4,"featured_media":0,"parent":3532,"menu_order":197,"comment_status":"closed","ping_status":"closed","template":"","meta":{"_acf_changed":false,"footnotes":""},"class_list":["post-3536","page","type-page","status-publish","hentry"],"acf":[],"yoast_head":"<!-- This site is optimized with the Yoast SEO plugin v27.4 - https:\/\/yoast.com\/product\/yoast-seo-wordpress\/ -->\n<title>gerold miller - biography - Walter Storms Galerie GmbH<\/title>\n<meta name=\"description\" content=\"The career of Gerold Miller: education, exhibitions, and key milestones at a glance.\" \/>\n<meta name=\"robots\" content=\"index, follow, max-snippet:-1, max-image-preview:large, max-video-preview:-1\" \/>\n<link rel=\"canonical\" href=\"https:\/\/www.storms-galerie.de\/en\/artists\/gerold-miller\/biografie\" \/>\n<meta property=\"og:locale\" content=\"en_US\" \/>\n<meta property=\"og:type\" content=\"article\" \/>\n<meta property=\"og:title\" content=\"gerold miller - biography - Walter Storms Galerie GmbH\" \/>\n<meta property=\"og:description\" content=\"The career of Gerold Miller: education, exhibitions, and key milestones at a glance.\" \/>\n<meta property=\"og:url\" content=\"https:\/\/www.storms-galerie.de\/en\/artists\/gerold-miller\/biografie\" \/>\n<meta property=\"og:site_name\" content=\"Walter Storms Galerie GmbH\" \/>\n<meta property=\"article:modified_time\" content=\"2025-08-29T16:01:03+00:00\" \/>\n<meta name=\"twitter:card\" content=\"summary_large_image\" \/>\n<meta name=\"twitter:label1\" content=\"Est. reading time\" \/>\n\t<meta name=\"twitter:data1\" content=\"7 minutes\" \/>\n<script type=\"application\/ld+json\" class=\"yoast-schema-graph\">{\"@context\":\"https:\\\/\\\/schema.org\",\"@graph\":[{\"@type\":\"WebPage\",\"@id\":\"https:\\\/\\\/www.storms-galerie.de\\\/en\\\/artists\\\/gerold-miller\\\/biografie\",\"url\":\"https:\\\/\\\/www.storms-galerie.de\\\/en\\\/artists\\\/gerold-miller\\\/biografie\",\"name\":\"gerold miller - biography - Walter Storms Galerie GmbH\",\"isPartOf\":{\"@id\":\"https:\\\/\\\/www.storms-galerie.de\\\/#website\"},\"datePublished\":\"2017-09-21T09:53:05+00:00\",\"dateModified\":\"2025-08-29T16:01:03+00:00\",\"description\":\"The career of Gerold Miller: education, exhibitions, and key milestones at a glance.\",\"breadcrumb\":{\"@id\":\"https:\\\/\\\/www.storms-galerie.de\\\/en\\\/artists\\\/gerold-miller\\\/biografie#breadcrumb\"},\"inLanguage\":\"en-US\",\"potentialAction\":[{\"@type\":\"ReadAction\",\"target\":[\"https:\\\/\\\/www.storms-galerie.de\\\/en\\\/artists\\\/gerold-miller\\\/biografie\"]}]},{\"@type\":\"BreadcrumbList\",\"@id\":\"https:\\\/\\\/www.storms-galerie.de\\\/en\\\/artists\\\/gerold-miller\\\/biografie#breadcrumb\",\"itemListElement\":[{\"@type\":\"ListItem\",\"position\":1,\"name\":\"Startseite\",\"item\":\"https:\\\/\\\/www.storms-galerie.de\\\/en\"},{\"@type\":\"ListItem\",\"position\":2,\"name\":\"artists\",\"item\":\"https:\\\/\\\/www.storms-galerie.de\\\/en\\\/artists\"},{\"@type\":\"ListItem\",\"position\":3,\"name\":\"gerold miller\",\"item\":\"https:\\\/\\\/www.storms-galerie.de\\\/en\\\/artists\\\/gerold-miller\"},{\"@type\":\"ListItem\",\"position\":4,\"name\":\"biography\"}]},{\"@type\":\"WebSite\",\"@id\":\"https:\\\/\\\/www.storms-galerie.de\\\/#website\",\"url\":\"https:\\\/\\\/www.storms-galerie.de\\\/\",\"name\":\"Walter Storms Galerie GmbH\",\"description\":\"\",\"potentialAction\":[{\"@type\":\"SearchAction\",\"target\":{\"@type\":\"EntryPoint\",\"urlTemplate\":\"https:\\\/\\\/www.storms-galerie.de\\\/?s={search_term_string}\"},\"query-input\":{\"@type\":\"PropertyValueSpecification\",\"valueRequired\":true,\"valueName\":\"search_term_string\"}}],\"inLanguage\":\"en-US\"}]}<\/script>\n<!-- \/ Yoast SEO plugin. -->","yoast_head_json":{"title":"gerold miller - biography - Walter Storms Galerie GmbH","description":"The career of Gerold Miller: education, exhibitions, and key milestones at a glance.","robots":{"index":"index","follow":"follow","max-snippet":"max-snippet:-1","max-image-preview":"max-image-preview:large","max-video-preview":"max-video-preview:-1"},"canonical":"https:\/\/www.storms-galerie.de\/en\/artists\/gerold-miller\/biografie","og_locale":"en_US","og_type":"article","og_title":"gerold miller - biography - Walter Storms Galerie GmbH","og_description":"The career of Gerold Miller: education, exhibitions, and key milestones at a glance.","og_url":"https:\/\/www.storms-galerie.de\/en\/artists\/gerold-miller\/biografie","og_site_name":"Walter Storms Galerie GmbH","article_modified_time":"2025-08-29T16:01:03+00:00","twitter_card":"summary_large_image","twitter_misc":{"Est. reading time":"7 minutes"},"schema":{"@context":"https:\/\/schema.org","@graph":[{"@type":"WebPage","@id":"https:\/\/www.storms-galerie.de\/en\/artists\/gerold-miller\/biografie","url":"https:\/\/www.storms-galerie.de\/en\/artists\/gerold-miller\/biografie","name":"gerold miller - biography - Walter Storms Galerie GmbH","isPartOf":{"@id":"https:\/\/www.storms-galerie.de\/#website"},"datePublished":"2017-09-21T09:53:05+00:00","dateModified":"2025-08-29T16:01:03+00:00","description":"The career of Gerold Miller: education, exhibitions, and key milestones at a glance.","breadcrumb":{"@id":"https:\/\/www.storms-galerie.de\/en\/artists\/gerold-miller\/biografie#breadcrumb"},"inLanguage":"en-US","potentialAction":[{"@type":"ReadAction","target":["https:\/\/www.storms-galerie.de\/en\/artists\/gerold-miller\/biografie"]}]},{"@type":"BreadcrumbList","@id":"https:\/\/www.storms-galerie.de\/en\/artists\/gerold-miller\/biografie#breadcrumb","itemListElement":[{"@type":"ListItem","position":1,"name":"Startseite","item":"https:\/\/www.storms-galerie.de\/en"},{"@type":"ListItem","position":2,"name":"artists","item":"https:\/\/www.storms-galerie.de\/en\/artists"},{"@type":"ListItem","position":3,"name":"gerold miller","item":"https:\/\/www.storms-galerie.de\/en\/artists\/gerold-miller"},{"@type":"ListItem","position":4,"name":"biography"}]},{"@type":"WebSite","@id":"https:\/\/www.storms-galerie.de\/#website","url":"https:\/\/www.storms-galerie.de\/","name":"Walter Storms Galerie GmbH","description":"","potentialAction":[{"@type":"SearchAction","target":{"@type":"EntryPoint","urlTemplate":"https:\/\/www.storms-galerie.de\/?s={search_term_string}"},"query-input":{"@type":"PropertyValueSpecification","valueRequired":true,"valueName":"search_term_string"}}],"inLanguage":"en-US"}]}},"_links":{"self":[{"href":"https:\/\/www.storms-galerie.de\/en\/wp-json\/wp\/v2\/pages\/3536","targetHints":{"allow":["GET"]}}],"collection":[{"href":"https:\/\/www.storms-galerie.de\/en\/wp-json\/wp\/v2\/pages"}],"about":[{"href":"https:\/\/www.storms-galerie.de\/en\/wp-json\/wp\/v2\/types\/page"}],"author":[{"embeddable":true,"href":"https:\/\/www.storms-galerie.de\/en\/wp-json\/wp\/v2\/users\/4"}],"replies":[{"embeddable":true,"href":"https:\/\/www.storms-galerie.de\/en\/wp-json\/wp\/v2\/comments?post=3536"}],"version-history":[{"count":7,"href":"https:\/\/www.storms-galerie.de\/en\/wp-json\/wp\/v2\/pages\/3536\/revisions"}],"predecessor-version":[{"id":12377,"href":"https:\/\/www.storms-galerie.de\/en\/wp-json\/wp\/v2\/pages\/3536\/revisions\/12377"}],"up":[{"embeddable":true,"href":"https:\/\/www.storms-galerie.de\/en\/wp-json\/wp\/v2\/pages\/3532"}],"wp:attachment":[{"href":"https:\/\/www.storms-galerie.de\/en\/wp-json\/wp\/v2\/media?parent=3536"}],"curies":[{"name":"wp","href":"https:\/\/api.w.org\/{rel}","templated":true}]}}