{"id":3185,"date":"2017-06-26T08:43:37","date_gmt":"2017-06-26T06:43:37","guid":{"rendered":"http:\/\/www.storms-galerie.de\/beispiel-seite"},"modified":"2026-04-01T10:28:22","modified_gmt":"2026-04-01T08:28:22","slug":"home","status":"publish","type":"page","link":"https:\/\/www.storms-galerie.de\/en","title":{"rendered":"home"},"content":{"rendered":"\n\t\t<section  class=\"content-section    pt-40-xs pt-50-md pt-70-lg  mb-20-xs mb-30-sm  \" >\n\n\t\t\t<div class=\"row   \">\n\n\t\t\t\t[vc_column][ls_vc_artists_list vc_posts=&#8221;2652,2656,2657,2658,2659,2662,2663,2665,2666,2669,4374,2672,2673,2674,2678,2687,2690,2671,4387,3751,5518,5788,7089,7550,8752,9885,10532&#8243; vc_orderby=&#8221;rand&#8221; vc_sort_order=&#8221;ASC&#8221; vc_rwd=&#8221;&#8221;][\/vc_column]\n\t\t\t<\/div>\n\n\t\t\t\n\t\t\t\n\t\t\t\n\t\t\t\n\t\t<\/section>\n\n\t\n","protected":false},"excerpt":{"rendered":"[vc_column][ls_vc_artists_list vc_posts=\"2652,2656,2657,2658,2659,2662,2663,2665,2666,2669,4374,2672,2673,2674,2678,2687,2690,2671,4387,3751,5518,5788,7089,7550,8752,9885,10532\" vc_orderby=\"rand\" vc_sort_order=\"ASC\" vc_rwd=\"\"][\/vc_column]","protected":false},"author":1,"featured_media":0,"parent":0,"menu_order":18,"comment_status":"closed","ping_status":"closed","template":"tmpl\/template-home.php","meta":{"_acf_changed":false,"footnotes":""},"class_list":["post-3185","page","type-page","status-publish","hentry"],"acf":[],"yoast_head":"<!-- This site is optimized with the Yoast SEO plugin v27.4 - https:\/\/yoast.com\/product\/yoast-seo-wordpress\/ -->\n<title>Walter Storms Galerie GmbH \u00b7 Home ... Ausstellungen ... News<\/title>\n<meta name=\"description\" content=\"Die Walter Storms Galerie in M\u00fcnchen vertritt K\u00fcnstler wie Rupprecht Geiger, Peter Krauskopf, Sean Scully, G\u00fcnther Uecker u.v.m.\" \/>\n<meta name=\"robots\" content=\"index, follow, max-snippet:-1, max-image-preview:large, max-video-preview:-1\" \/>\n<link rel=\"canonical\" href=\"https:\/\/www.storms-galerie.de\/en\" \/>\n<meta property=\"og:locale\" content=\"en_US\" \/>\n<meta property=\"og:type\" content=\"article\" \/>\n<meta property=\"og:title\" content=\"Walter Storms Galerie GmbH \u00b7 Home ... Ausstellungen ... News\" \/>\n<meta property=\"og:description\" content=\"Die Walter Storms Galerie in M\u00fcnchen vertritt K\u00fcnstler wie Rupprecht Geiger, Peter Krauskopf, Sean Scully, G\u00fcnther Uecker u.v.m.\" \/>\n<meta property=\"og:url\" content=\"https:\/\/www.storms-galerie.de\/en\" \/>\n<meta property=\"og:site_name\" content=\"Walter Storms Galerie GmbH\" \/>\n<meta property=\"article:modified_time\" content=\"2026-04-01T08:28:22+00:00\" \/>\n<meta name=\"twitter:card\" content=\"summary_large_image\" \/>\n<meta name=\"twitter:label1\" content=\"Est. reading time\" \/>\n\t<meta name=\"twitter:data1\" content=\"1 minute\" \/>\n<script type=\"application\/ld+json\" class=\"yoast-schema-graph\">{\"@context\":\"https:\\\/\\\/schema.org\",\"@graph\":[{\"@type\":\"WebPage\",\"@id\":\"https:\\\/\\\/www.storms-galerie.de\\\/en\",\"url\":\"https:\\\/\\\/www.storms-galerie.de\\\/en\",\"name\":\"Walter Storms Galerie GmbH \u00b7 Home ... Ausstellungen ... News\",\"isPartOf\":{\"@id\":\"https:\\\/\\\/www.storms-galerie.de\\\/#website\"},\"datePublished\":\"2017-06-26T06:43:37+00:00\",\"dateModified\":\"2026-04-01T08:28:22+00:00\",\"description\":\"Die Walter Storms Galerie in M\u00fcnchen vertritt K\u00fcnstler wie Rupprecht Geiger, Peter Krauskopf, Sean Scully, G\u00fcnther Uecker u.v.m.\",\"breadcrumb\":{\"@id\":\"https:\\\/\\\/www.storms-galerie.de\\\/en#breadcrumb\"},\"inLanguage\":\"en-US\",\"potentialAction\":[{\"@type\":\"ReadAction\",\"target\":[\"https:\\\/\\\/www.storms-galerie.de\\\/en\"]}]},{\"@type\":\"BreadcrumbList\",\"@id\":\"https:\\\/\\\/www.storms-galerie.de\\\/en#breadcrumb\",\"itemListElement\":[{\"@type\":\"ListItem\",\"position\":1,\"name\":\"Startseite\",\"item\":\"https:\\\/\\\/www.storms-galerie.de\\\/en\"},{\"@type\":\"ListItem\",\"position\":2,\"name\":\"home\"}]},{\"@type\":\"WebSite\",\"@id\":\"https:\\\/\\\/www.storms-galerie.de\\\/#website\",\"url\":\"https:\\\/\\\/www.storms-galerie.de\\\/\",\"name\":\"Walter Storms Galerie GmbH\",\"description\":\"\",\"potentialAction\":[{\"@type\":\"SearchAction\",\"target\":{\"@type\":\"EntryPoint\",\"urlTemplate\":\"https:\\\/\\\/www.storms-galerie.de\\\/?s={search_term_string}\"},\"query-input\":{\"@type\":\"PropertyValueSpecification\",\"valueRequired\":true,\"valueName\":\"search_term_string\"}}],\"inLanguage\":\"en-US\"}]}<\/script>\n<!-- \/ Yoast SEO plugin. -->","yoast_head_json":{"title":"Walter Storms Galerie GmbH \u00b7 Home ... Ausstellungen ... News","description":"Die Walter Storms Galerie in M\u00fcnchen vertritt K\u00fcnstler wie Rupprecht Geiger, Peter Krauskopf, Sean Scully, G\u00fcnther Uecker u.v.m.","robots":{"index":"index","follow":"follow","max-snippet":"max-snippet:-1","max-image-preview":"max-image-preview:large","max-video-preview":"max-video-preview:-1"},"canonical":"https:\/\/www.storms-galerie.de\/en","og_locale":"en_US","og_type":"article","og_title":"Walter Storms Galerie GmbH \u00b7 Home ... Ausstellungen ... News","og_description":"Die Walter Storms Galerie in M\u00fcnchen vertritt K\u00fcnstler wie Rupprecht Geiger, Peter Krauskopf, Sean Scully, G\u00fcnther Uecker u.v.m.","og_url":"https:\/\/www.storms-galerie.de\/en","og_site_name":"Walter Storms Galerie GmbH","article_modified_time":"2026-04-01T08:28:22+00:00","twitter_card":"summary_large_image","twitter_misc":{"Est. reading time":"1 minute"},"schema":{"@context":"https:\/\/schema.org","@graph":[{"@type":"WebPage","@id":"https:\/\/www.storms-galerie.de\/en","url":"https:\/\/www.storms-galerie.de\/en","name":"Walter Storms Galerie GmbH \u00b7 Home ... Ausstellungen ... News","isPartOf":{"@id":"https:\/\/www.storms-galerie.de\/#website"},"datePublished":"2017-06-26T06:43:37+00:00","dateModified":"2026-04-01T08:28:22+00:00","description":"Die Walter Storms Galerie in M\u00fcnchen vertritt K\u00fcnstler wie Rupprecht Geiger, Peter Krauskopf, Sean Scully, G\u00fcnther Uecker u.v.m.","breadcrumb":{"@id":"https:\/\/www.storms-galerie.de\/en#breadcrumb"},"inLanguage":"en-US","potentialAction":[{"@type":"ReadAction","target":["https:\/\/www.storms-galerie.de\/en"]}]},{"@type":"BreadcrumbList","@id":"https:\/\/www.storms-galerie.de\/en#breadcrumb","itemListElement":[{"@type":"ListItem","position":1,"name":"Startseite","item":"https:\/\/www.storms-galerie.de\/en"},{"@type":"ListItem","position":2,"name":"home"}]},{"@type":"WebSite","@id":"https:\/\/www.storms-galerie.de\/#website","url":"https:\/\/www.storms-galerie.de\/","name":"Walter Storms Galerie GmbH","description":"","potentialAction":[{"@type":"SearchAction","target":{"@type":"EntryPoint","urlTemplate":"https:\/\/www.storms-galerie.de\/?s={search_term_string}"},"query-input":{"@type":"PropertyValueSpecification","valueRequired":true,"valueName":"search_term_string"}}],"inLanguage":"en-US"}]}},"_links":{"self":[{"href":"https:\/\/www.storms-galerie.de\/en\/wp-json\/wp\/v2\/pages\/3185","targetHints":{"allow":["GET"]}}],"collection":[{"href":"https:\/\/www.storms-galerie.de\/en\/wp-json\/wp\/v2\/pages"}],"about":[{"href":"https:\/\/www.storms-galerie.de\/en\/wp-json\/wp\/v2\/types\/page"}],"author":[{"embeddable":true,"href":"https:\/\/www.storms-galerie.de\/en\/wp-json\/wp\/v2\/users\/1"}],"replies":[{"embeddable":true,"href":"https:\/\/www.storms-galerie.de\/en\/wp-json\/wp\/v2\/comments?post=3185"}],"version-history":[{"count":50,"href":"https:\/\/www.storms-galerie.de\/en\/wp-json\/wp\/v2\/pages\/3185\/revisions"}],"predecessor-version":[{"id":13141,"href":"https:\/\/www.storms-galerie.de\/en\/wp-json\/wp\/v2\/pages\/3185\/revisions\/13141"}],"wp:attachment":[{"href":"https:\/\/www.storms-galerie.de\/en\/wp-json\/wp\/v2\/media?parent=3185"}],"curies":[{"name":"wp","href":"https:\/\/api.w.org\/{rel}","templated":true}]}}