{"id":2931,"date":"2017-07-20T11:03:50","date_gmt":"2017-07-20T09:03:50","guid":{"rendered":"http:\/\/www.storms-galerie.de\/artists\/gotthard-graubner\/biografie"},"modified":"2025-08-08T16:35:58","modified_gmt":"2025-08-08T14:35:58","slug":"biography","status":"publish","type":"page","link":"https:\/\/www.storms-galerie.de\/en\/artists\/gotthard-graubner\/biography","title":{"rendered":"biography"},"content":{"rendered":"\n\t\t<section  class=\"content-section      mb-20-xs mb-30-sm  \" >\n\n\t\t\t<div class=\"row   \">\n\n\t\t\t\t[vc_column width=&#8221;1\/3&#8243;]\n\t\t<div class=\"ls-vc-image wpb_content_element\">\n\n\t\t\t\n\t\t\t\t<div class=\"image\">\n\n\t\t\t\t\t<div class=\"image__img\">\n\t\t\t\t\t\t<img loading=\"lazy\" decoding=\"async\" width=\"1080\" height=\"1350\" src=\"https:\/\/www.storms-galerie.de\/wp-content\/uploads\/2025\/08\/gotthard-graubner-portrait.jpg\" class=\"\" alt=\"\" srcset=\"https:\/\/www.storms-galerie.de\/wp-content\/uploads\/2025\/08\/gotthard-graubner-portrait.jpg 1080w, https:\/\/www.storms-galerie.de\/wp-content\/uploads\/2025\/08\/gotthard-graubner-portrait-240x300.jpg 240w, https:\/\/www.storms-galerie.de\/wp-content\/uploads\/2025\/08\/gotthard-graubner-portrait-819x1024.jpg 819w, https:\/\/www.storms-galerie.de\/wp-content\/uploads\/2025\/08\/gotthard-graubner-portrait-768x960.jpg 768w, https:\/\/www.storms-galerie.de\/wp-content\/uploads\/2025\/08\/gotthard-graubner-portrait-992x1240.jpg 992w, https:\/\/www.storms-galerie.de\/wp-content\/uploads\/2025\/08\/gotthard-graubner-portrait-1024x1280.jpg 1024w\" sizes=\"auto, (max-width: 1080px) 100vw, 1080px\" \/>\t\t\t\t\t<\/div>\n\n\t\t\t\t\t\n\t\t\t\t<\/div>\n\n\t\t\t\n\t\t<\/div><!-- end \/.ls-vc-image -->\n\n\t\t[\/vc_column][vc_column width=&#8221;2\/3&#8243;][vc_column_text css=&#8221;&#8221;]Gotthard Graubner (1930-2013) is one of the outstanding painters of the present day. From the 1960s onwards, Graubner intensively investigated the autonomy of color and opened up a spatial dimension beyond the pictorial space with his early &#8220;Farbleibern&#8221; and &#8220;Kissenbilder&#8221; and from 1970 with his likewise object-like &#8220;Farbraumk\u00f6rpern&#8221;. &#8220;My pictures build up as the light grows and fade with the light; the beginning and end are interchangeable. They do not denote a state, they are a transition. The action of color is the decisive factor.&#8221; It makes the imaginary color space just as tangible as it itself unfolds a spatial effect in its corporeality and draws the viewer into the color event.<\/p>\n<p>Numerous solo and group exhibitions in Germany and abroad are evidence of his international recognition. Graubner participated in documenta 4 and 6 and represented Germany at the Sao Paulo Biennale in 1971 and the Venice Biennale in 1982. In 1988 he created two large-format works for the official residence of the Federal President in Berlin, Bellevue Palace. From 1969-1995 he was Professor of Painting at the Hamburg Academy of Fine Arts and from 1976-1998 at the D\u00fcsseldorf Academy of Art.<\/p>\n<p>Recent major exhibitions include &#8220;Katharina Grosse \u00d7 Gotthard Graubner&#8221; at the MKM Museum K\u00fcppersm\u00fchle f\u00fcr Moderne Kunst, Duisburg, from 2019 to 2020 and the group exhibition &#8220;Durch Raum Und Zeit&#8221; at the Kunstmuseum Luzern in 2022.[\/vc_column_text][\/vc_column]\n\t\t\t<\/div>\n\n\t\t\t\n\t\t\t\n\t\t\t\n\t\t\t\n\t\t<\/section>\n\n\t\n","protected":false},"excerpt":{"rendered":"[vc_column width=\"1\/3\"] [\/vc_column][vc_column width=\"2\/3\"][vc_column_text css=\"\"]Gotthard Graubner (1930-2013) is one of the outstanding painters of the present day. From the 1960s onwards, Graubner intensively investigated the autonomy of color and opened up a spatial dimension beyond the pictorial space with his early \"Farbleibern\" and \"Kissenbilder\" and from 1970 with his likewise <a class=\"moretag\" href=\"https:\/\/www.storms-galerie.de\/en\/artists\/gotthard-graubner\/biography\">read more...<\/a>","protected":false},"author":4,"featured_media":0,"parent":2923,"menu_order":113,"comment_status":"closed","ping_status":"closed","template":"","meta":{"_acf_changed":false,"footnotes":""},"class_list":["post-2931","page","type-page","status-publish","hentry"],"acf":[],"yoast_head":"<!-- This site is optimized with the Yoast SEO plugin v27.4 - https:\/\/yoast.com\/product\/yoast-seo-wordpress\/ -->\n<title>gotthard graubner - biography - Walter Storms Galerie GmbH<\/title>\n<meta name=\"description\" content=\"The career of Gotthard Graubner: education, exhibitions, and key milestones at a glance.\" \/>\n<meta name=\"robots\" content=\"index, follow, max-snippet:-1, max-image-preview:large, max-video-preview:-1\" \/>\n<link rel=\"canonical\" href=\"https:\/\/www.storms-galerie.de\/en\/artists\/gotthard-graubner\/biography\" \/>\n<meta property=\"og:locale\" content=\"en_US\" \/>\n<meta property=\"og:type\" content=\"article\" \/>\n<meta property=\"og:title\" content=\"gotthard graubner - biography - Walter Storms Galerie GmbH\" \/>\n<meta property=\"og:description\" content=\"The career of Gotthard Graubner: education, exhibitions, and key milestones at a glance.\" \/>\n<meta property=\"og:url\" content=\"https:\/\/www.storms-galerie.de\/en\/artists\/gotthard-graubner\/biography\" \/>\n<meta property=\"og:site_name\" content=\"Walter Storms Galerie GmbH\" \/>\n<meta property=\"article:modified_time\" content=\"2025-08-08T14:35:58+00:00\" \/>\n<meta name=\"twitter:card\" content=\"summary_large_image\" \/>\n<meta name=\"twitter:label1\" content=\"Est. reading time\" \/>\n\t<meta name=\"twitter:data1\" content=\"2 minutes\" \/>\n<script type=\"application\/ld+json\" class=\"yoast-schema-graph\">{\"@context\":\"https:\\\/\\\/schema.org\",\"@graph\":[{\"@type\":\"WebPage\",\"@id\":\"https:\\\/\\\/www.storms-galerie.de\\\/en\\\/artists\\\/gotthard-graubner\\\/biography\",\"url\":\"https:\\\/\\\/www.storms-galerie.de\\\/en\\\/artists\\\/gotthard-graubner\\\/biography\",\"name\":\"gotthard graubner - biography - Walter Storms Galerie GmbH\",\"isPartOf\":{\"@id\":\"https:\\\/\\\/www.storms-galerie.de\\\/#website\"},\"datePublished\":\"2017-07-20T09:03:50+00:00\",\"dateModified\":\"2025-08-08T14:35:58+00:00\",\"description\":\"The career of Gotthard Graubner: education, exhibitions, and key milestones at a glance.\",\"breadcrumb\":{\"@id\":\"https:\\\/\\\/www.storms-galerie.de\\\/en\\\/artists\\\/gotthard-graubner\\\/biography#breadcrumb\"},\"inLanguage\":\"en-US\",\"potentialAction\":[{\"@type\":\"ReadAction\",\"target\":[\"https:\\\/\\\/www.storms-galerie.de\\\/en\\\/artists\\\/gotthard-graubner\\\/biography\"]}]},{\"@type\":\"BreadcrumbList\",\"@id\":\"https:\\\/\\\/www.storms-galerie.de\\\/en\\\/artists\\\/gotthard-graubner\\\/biography#breadcrumb\",\"itemListElement\":[{\"@type\":\"ListItem\",\"position\":1,\"name\":\"Startseite\",\"item\":\"https:\\\/\\\/www.storms-galerie.de\\\/en\"},{\"@type\":\"ListItem\",\"position\":2,\"name\":\"artists\",\"item\":\"https:\\\/\\\/www.storms-galerie.de\\\/en\\\/artists\"},{\"@type\":\"ListItem\",\"position\":3,\"name\":\"gotthard graubner\",\"item\":\"https:\\\/\\\/www.storms-galerie.de\\\/en\\\/artists\\\/gotthard-graubner\"},{\"@type\":\"ListItem\",\"position\":4,\"name\":\"biography\"}]},{\"@type\":\"WebSite\",\"@id\":\"https:\\\/\\\/www.storms-galerie.de\\\/#website\",\"url\":\"https:\\\/\\\/www.storms-galerie.de\\\/\",\"name\":\"Walter Storms Galerie GmbH\",\"description\":\"\",\"potentialAction\":[{\"@type\":\"SearchAction\",\"target\":{\"@type\":\"EntryPoint\",\"urlTemplate\":\"https:\\\/\\\/www.storms-galerie.de\\\/?s={search_term_string}\"},\"query-input\":{\"@type\":\"PropertyValueSpecification\",\"valueRequired\":true,\"valueName\":\"search_term_string\"}}],\"inLanguage\":\"en-US\"}]}<\/script>\n<!-- \/ Yoast SEO plugin. -->","yoast_head_json":{"title":"gotthard graubner - biography - Walter Storms Galerie GmbH","description":"The career of Gotthard Graubner: education, exhibitions, and key milestones at a glance.","robots":{"index":"index","follow":"follow","max-snippet":"max-snippet:-1","max-image-preview":"max-image-preview:large","max-video-preview":"max-video-preview:-1"},"canonical":"https:\/\/www.storms-galerie.de\/en\/artists\/gotthard-graubner\/biography","og_locale":"en_US","og_type":"article","og_title":"gotthard graubner - biography - Walter Storms Galerie GmbH","og_description":"The career of Gotthard Graubner: education, exhibitions, and key milestones at a glance.","og_url":"https:\/\/www.storms-galerie.de\/en\/artists\/gotthard-graubner\/biography","og_site_name":"Walter Storms Galerie GmbH","article_modified_time":"2025-08-08T14:35:58+00:00","twitter_card":"summary_large_image","twitter_misc":{"Est. reading time":"2 minutes"},"schema":{"@context":"https:\/\/schema.org","@graph":[{"@type":"WebPage","@id":"https:\/\/www.storms-galerie.de\/en\/artists\/gotthard-graubner\/biography","url":"https:\/\/www.storms-galerie.de\/en\/artists\/gotthard-graubner\/biography","name":"gotthard graubner - biography - Walter Storms Galerie GmbH","isPartOf":{"@id":"https:\/\/www.storms-galerie.de\/#website"},"datePublished":"2017-07-20T09:03:50+00:00","dateModified":"2025-08-08T14:35:58+00:00","description":"The career of Gotthard Graubner: education, exhibitions, and key milestones at a glance.","breadcrumb":{"@id":"https:\/\/www.storms-galerie.de\/en\/artists\/gotthard-graubner\/biography#breadcrumb"},"inLanguage":"en-US","potentialAction":[{"@type":"ReadAction","target":["https:\/\/www.storms-galerie.de\/en\/artists\/gotthard-graubner\/biography"]}]},{"@type":"BreadcrumbList","@id":"https:\/\/www.storms-galerie.de\/en\/artists\/gotthard-graubner\/biography#breadcrumb","itemListElement":[{"@type":"ListItem","position":1,"name":"Startseite","item":"https:\/\/www.storms-galerie.de\/en"},{"@type":"ListItem","position":2,"name":"artists","item":"https:\/\/www.storms-galerie.de\/en\/artists"},{"@type":"ListItem","position":3,"name":"gotthard graubner","item":"https:\/\/www.storms-galerie.de\/en\/artists\/gotthard-graubner"},{"@type":"ListItem","position":4,"name":"biography"}]},{"@type":"WebSite","@id":"https:\/\/www.storms-galerie.de\/#website","url":"https:\/\/www.storms-galerie.de\/","name":"Walter Storms Galerie GmbH","description":"","potentialAction":[{"@type":"SearchAction","target":{"@type":"EntryPoint","urlTemplate":"https:\/\/www.storms-galerie.de\/?s={search_term_string}"},"query-input":{"@type":"PropertyValueSpecification","valueRequired":true,"valueName":"search_term_string"}}],"inLanguage":"en-US"}]}},"_links":{"self":[{"href":"https:\/\/www.storms-galerie.de\/en\/wp-json\/wp\/v2\/pages\/2931","targetHints":{"allow":["GET"]}}],"collection":[{"href":"https:\/\/www.storms-galerie.de\/en\/wp-json\/wp\/v2\/pages"}],"about":[{"href":"https:\/\/www.storms-galerie.de\/en\/wp-json\/wp\/v2\/types\/page"}],"author":[{"embeddable":true,"href":"https:\/\/www.storms-galerie.de\/en\/wp-json\/wp\/v2\/users\/4"}],"replies":[{"embeddable":true,"href":"https:\/\/www.storms-galerie.de\/en\/wp-json\/wp\/v2\/comments?post=2931"}],"version-history":[{"count":5,"href":"https:\/\/www.storms-galerie.de\/en\/wp-json\/wp\/v2\/pages\/2931\/revisions"}],"predecessor-version":[{"id":12156,"href":"https:\/\/www.storms-galerie.de\/en\/wp-json\/wp\/v2\/pages\/2931\/revisions\/12156"}],"up":[{"embeddable":true,"href":"https:\/\/www.storms-galerie.de\/en\/wp-json\/wp\/v2\/pages\/2923"}],"wp:attachment":[{"href":"https:\/\/www.storms-galerie.de\/en\/wp-json\/wp\/v2\/media?parent=2931"}],"curies":[{"name":"wp","href":"https:\/\/api.w.org\/{rel}","templated":true}]}}