{"id":2874,"date":"2017-07-20T11:03:50","date_gmt":"2017-07-20T09:03:50","guid":{"rendered":"http:\/\/www.storms-galerie.de\/artists\/guenter-fruhtrunk\/biografie"},"modified":"2025-08-29T14:38:52","modified_gmt":"2025-08-29T12:38:52","slug":"biography","status":"publish","type":"page","link":"https:\/\/www.storms-galerie.de\/en\/artists\/guenter-fruhtrunk\/biography","title":{"rendered":"biography"},"content":{"rendered":"\n\t\t<section  class=\"content-section      mb-20-xs mb-30-sm  \" >\n\n\t\t\t<div class=\"row   \">\n\n\t\t\t\t[vc_column width=&#8221;1\/3&#8243;]\n\t\t<div class=\"ls-vc-image wpb_content_element\">\n\n\t\t\t\n\t\t\t\t<div class=\"image\">\n\n\t\t\t\t\t<div class=\"image__img\">\n\t\t\t\t\t\t<img loading=\"lazy\" decoding=\"async\" width=\"1080\" height=\"1350\" src=\"https:\/\/www.storms-galerie.de\/wp-content\/uploads\/2025\/07\/gunter-fruhtrunk-portrait.jpg\" class=\"\" alt=\"\" srcset=\"https:\/\/www.storms-galerie.de\/wp-content\/uploads\/2025\/07\/gunter-fruhtrunk-portrait.jpg 1080w, https:\/\/www.storms-galerie.de\/wp-content\/uploads\/2025\/07\/gunter-fruhtrunk-portrait-240x300.jpg 240w, https:\/\/www.storms-galerie.de\/wp-content\/uploads\/2025\/07\/gunter-fruhtrunk-portrait-819x1024.jpg 819w, https:\/\/www.storms-galerie.de\/wp-content\/uploads\/2025\/07\/gunter-fruhtrunk-portrait-768x960.jpg 768w, https:\/\/www.storms-galerie.de\/wp-content\/uploads\/2025\/07\/gunter-fruhtrunk-portrait-992x1240.jpg 992w, https:\/\/www.storms-galerie.de\/wp-content\/uploads\/2025\/07\/gunter-fruhtrunk-portrait-1024x1280.jpg 1024w\" sizes=\"auto, (max-width: 1080px) 100vw, 1080px\" \/>\t\t\t\t\t<\/div>\n\n\t\t\t\t\t\n\t\t\t\t<\/div>\n\n\t\t\t\n\t\t<\/div><!-- end \/.ls-vc-image -->\n\n\t\t[\/vc_column][vc_column width=&#8221;2\/3&#8243;][vc_column_text css=&#8221;&#8221;]\n<p style=\"text-align: justify\">G\u00fcnter Fruhtrunk (1923-1982) created a distinctive and outstanding body of work with his geometric-abstract and non-representational paintings. His medium is color, which he aims to free from any &#8216;external determination,&#8217; stripping it of all culturally inherited or individual meanings. His visual language seeks to activate the act of seeing, aiming for a state that Fruhtrunk himself described as &#8216;freedom of seeing.&#8217; This Enlightenment impulse is combined in his work with high painterly sensitivity and quality. His painting thus proves to be one of the most enduring and inspiring positions in German post-war art.<\/p>\n<p style=\"text-align: justify\">Fruhtrunk participated in documenta IV in 1968 and the Venice Biennale. In 1993, the Neue Nationalgalerie in Berlin honored his work with a major retrospective, which was also shown at the Landesmuseum M\u00fcnster, the Bavarian State Painting Collections, and the St\u00e4dtische Galerie im Lenbachhaus, Munich. From 1967 to 1982, G\u00fcnter Fruhtrunk was a professor at the Academy of Fine Arts in Munich.<\/p>\n<p style=\"text-align: justify\">Among the most recent museum highlights is the comprehensive retrospective for his 100th birthday, which was shown in 2023 at the Kunstmuseum Bonn and continued in 2024 at the Museum Wiesbaden. This exhibition featured around 60 works from all phases of the artist&#8217;s career and highlights the development of his work in three major sections: from the early works of the 1950s, through the striped paintings of the 1960s, to the works of the 1970s and early 1980s. Another important exhibition, &#8220;The Paris Years (1954\u20131967),&#8221; was shown at the Lenbachhaus Munich also in 2024.<\/p>\n[\/vc_column_text][\/vc_column]\n\t\t\t<\/div>\n\n\t\t\t\n\t\t\t\n\t\t\t\n\t\t\t\n\t\t<\/section>\n\n\t\n\t\t<section  class=\"content-section      mb-20-xs mb-30-sm  \" >\n\n\t\t\t<div class=\"row   \">\n\n\t\t\t\t[vc_column][ls_vc_spacer vc_height=&#8221;30&#8243;][\/vc_column]\n\t\t\t<\/div>\n\n\t\t\t\n\t\t\t\n\t\t\t\n\t\t\t\n\t\t<\/section>\n\n\t\n\t\t<section  class=\"content-section      mb-20-xs mb-30-sm  \" >\n\n\t\t\t<div class=\"row   \">\n\n\t\t\t\t[vc_column][vc_column_text css=&#8221;&#8221;]<strong>education<\/strong><\/p>\n<p><strong>1954-56<\/strong><br \/>\nStudied under Fernand L\u00e9ger and Jean Arp Paris<br \/>\n<strong>1945-50<\/strong><br \/>\nStudied architecture and painting at Munich Technical University<\/p>\n<div class=\"ls-shortcode-spacer clearfix\"><div class=\"spacer\"  style=\"height: 30px\"><\/div><\/div>\n<p><strong>awards<\/strong><\/p>\n<section id=\"preise\" class=\"abschnitt\">\n<div class=\"type-tabelle\">\n<div class=\"medium-10 columns\"><strong>1966<\/strong><br \/>\nM\u00e9daille d\u2019argent, \u201ePrix d\u2019Europe\u201c, Ostende<\/div>\n<div>\n<div class=\"medium-2 columns\"><strong><span class=\"left-cell\">1961<\/span><\/strong><\/div>\n<div class=\"medium-10 columns\">Prix Jean Arp, Colonge by the Cultural Circle of the Federation of German Industries<\/div>\n<\/div>\n<\/div>\n<\/section>\n<div class=\"ls-shortcode-spacer clearfix\"><div class=\"spacer\"  style=\"height: 30px\"><\/div><\/div>\n<p><strong>public collections<\/strong><\/p>\n<p>Kunsthalle Bielefeld<br data-start=\"237\" data-end=\"240\" \/>Kunstsammlung Deutsche Bundesbank, Frankfurt am Main<br data-start=\"292\" data-end=\"295\" \/>Museum im Kulturspeicher W\u00fcrzburg<br data-start=\"356\" data-end=\"359\" \/>Neue Galerie, Kassel<br data-start=\"379\" data-end=\"382\" data-is-only-node=\"\" \/>Staatsgalerie Stuttgart<br data-start=\"405\" data-end=\"408\" \/>St\u00e4dtische Galerie im Lenbachhaus, Munich<br data-start=\"450\" data-end=\"453\" \/>St\u00e4del Museum, Frankfurt am Main<br data-start=\"485\" data-end=\"488\" \/>Hamburger Kunsthalle<br data-start=\"508\" data-end=\"511\" \/>Galerie Neue Meister, Dresden<\/p>\n<div class=\"ls-shortcode-spacer clearfix\"><div class=\"spacer\"  style=\"height: 30px\"><\/div><\/div>\n<p><strong>ausgew\u00e4hlte einzelausstellungen<\/strong><\/p>\n<p data-start=\"239\" data-end=\"349\"><strong data-start=\"239\" data-end=\"252\">2024<\/strong><br data-start=\"252\" data-end=\"255\" \/>G\u00fcnter Fruhtrunk. Retrospektive 1952\u20131982, Kunstmuseum Bonn; anschlie\u00dfend Museum Wiesbaden<br \/>\n<strong data-start=\"351\" data-end=\"359\">2023<\/strong><br data-start=\"359\" data-end=\"362\" \/>G\u00fcnter Fruhtrunk. Retrospektive 1952\u20131982, Kunstmuseum Bonn; anschlie\u00dfend Museum Wiesbaden<br \/>\nG\u00fcnter Fruhtrunk. Die Pariser Jahre (1954\u20131967), Lenbachhaus, Munich<br \/>\n<strong data-start=\"437\" data-end=\"445\">2019<\/strong><br data-start=\"445\" data-end=\"448\" \/>G\u00fcnter Fruhtrunk. Aus der Reihe, Kubus der Situation Kunst, Bochum<br data-start=\"516\" data-end=\"519\" \/>G\u00fcnter Fruhtrunk \u2013 Sammlung Maximilian und Agathe Weishaupt, Kunstmuseum Ahlen<br \/>\n<strong data-start=\"766\" data-end=\"774\">2013<\/strong><br data-start=\"774\" data-end=\"777\" \/>G\u00fcnter Fruhtrunk: La peinture vivante, Cambrai Museum, Cambrai<br \/>\n<strong data-start=\"845\" data-end=\"853\">2012<\/strong><br data-start=\"853\" data-end=\"856\" \/>Kunstmuseum Liechtenstein, Vaduz<br \/>\n<strong data-start=\"894\" data-end=\"902\">2010<\/strong><br data-start=\"902\" data-end=\"905\" \/>Ein konkreter Maler, Lorenzelli Arte, Mailand<br \/>\n<strong data-start=\"1104\" data-end=\"1112\">1993<\/strong><br data-start=\"1112\" data-end=\"1115\" \/>Nationalgalerie, Berlin<br data-start=\"1138\" data-end=\"1141\" \/>St\u00e4dtische Galerie im Lenbachhaus, Munich<br \/>\n<strong data-start=\"1274\" data-end=\"1282\">1973<\/strong><br data-start=\"1282\" data-end=\"1285\" \/>Fruhtrunk \u2013 Bilder: 1952\u20131972, St\u00e4dtische Galerie im Lenbachhaus, Munich<br \/>\n<strong data-start=\"1523\" data-end=\"1531\">1969<\/strong><br data-start=\"1531\" data-end=\"1534\" \/>Kestnergesellschaft, Hannover<br \/>\n<strong data-start=\"1567\" data-end=\"1575\">1964<\/strong><br data-start=\"1575\" data-end=\"1578\" \/>Wilhelm-Morgner-Haus, Soest<br \/>\n<strong data-start=\"1609\" data-end=\"1617\">1963<\/strong><br data-start=\"1617\" data-end=\"1620\" \/>Museum am Ostwall, Dortmund<\/p>\n<p data-start=\"1108\" data-end=\"1157\"><div class=\"ls-shortcode-spacer clearfix\"><div class=\"spacer\"  style=\"height: 30px\"><\/div><\/div>\n<p data-start=\"1108\" data-end=\"1157\"><strong>selected group exhibitions<\/strong><\/p>\n<p data-start=\"1108\" data-end=\"1157\"><strong data-start=\"2221\" data-end=\"2229\">1973<\/strong><br data-start=\"2229\" data-end=\"2232\" \/>21. Jahresausstellung des Deutschen K\u00fcnstlerbundes, Berlin<br \/>\n<strong data-start=\"1415\" data-end=\"1423\">1970<\/strong><br data-start=\"1423\" data-end=\"1426\" \/>Mus\u00e9e d\u2019Art Moderne de la Ville de Paris<br data-start=\"1466\" data-end=\"1469\" \/>Jetzt \u2013 ein Signal unserer Zeit, Kunsthalle Cologne<br data-start=\"1822\" data-end=\"1825\" \/><strong data-start=\"2014\" data-end=\"2022\">1965<\/strong><br data-start=\"2022\" data-end=\"2025\" \/><em data-start=\"2025\" data-end=\"2045\">The Responsive Eye<\/em>, Museum of Modern Art, New York<br \/>\n<strong data-start=\"1762\" data-end=\"1770\">1968<\/strong><br data-start=\"1770\" data-end=\"1773\" \/>34. Biennale Venice<br data-start=\"1797\" data-end=\"1800\" \/>documenta IV, Kassel<\/p>\n<p>\u00a0[\/vc_column_text][\/vc_column]\n\t\t\t<\/div>\n\n\t\t\t\n\t\t\t\n\t\t\t\n\t\t\t\n\t\t<\/section>\n\n\t\n","protected":false},"excerpt":{"rendered":"[vc_column width=\"1\/3\"] [\/vc_column][vc_column width=\"2\/3\"][vc_column_text css=\"\"] G\u00fcnter Fruhtrunk (1923-1982) created a distinctive and outstanding body of work with his geometric-abstract and non-representational paintings. His medium is color, which he aims to free from any 'external determination,' stripping it of all culturally inherited or individual meanings. His visual language seeks to activate <a class=\"moretag\" href=\"https:\/\/www.storms-galerie.de\/en\/artists\/guenter-fruhtrunk\/biography\">read more...<\/a>","protected":false},"author":4,"featured_media":0,"parent":2864,"menu_order":100,"comment_status":"closed","ping_status":"closed","template":"","meta":{"_acf_changed":false,"footnotes":""},"class_list":["post-2874","page","type-page","status-publish","hentry"],"acf":[],"yoast_head":"<!-- This site is optimized with the Yoast SEO plugin v27.3 - https:\/\/yoast.com\/product\/yoast-seo-wordpress\/ -->\n<title>g\u00fcnter fruhtrunk - biography - Walter Storms Galerie GmbH<\/title>\n<meta name=\"description\" content=\"The career of G\u00fcnter Fruhtrunk: education, exhibitions, and key milestones at a glance.\" \/>\n<meta name=\"robots\" content=\"index, follow, max-snippet:-1, max-image-preview:large, max-video-preview:-1\" \/>\n<link rel=\"canonical\" href=\"https:\/\/www.storms-galerie.de\/en\/artists\/guenter-fruhtrunk\/biography\" \/>\n<meta property=\"og:locale\" content=\"en_US\" \/>\n<meta property=\"og:type\" content=\"article\" \/>\n<meta property=\"og:title\" content=\"g\u00fcnter fruhtrunk - biography - Walter Storms Galerie GmbH\" \/>\n<meta property=\"og:description\" content=\"The career of G\u00fcnter Fruhtrunk: education, exhibitions, and key milestones at a glance.\" \/>\n<meta property=\"og:url\" content=\"https:\/\/www.storms-galerie.de\/en\/artists\/guenter-fruhtrunk\/biography\" \/>\n<meta property=\"og:site_name\" content=\"Walter Storms Galerie GmbH\" \/>\n<meta property=\"article:modified_time\" content=\"2025-08-29T12:38:52+00:00\" \/>\n<meta name=\"twitter:card\" content=\"summary_large_image\" \/>\n<meta name=\"twitter:label1\" content=\"Est. reading time\" \/>\n\t<meta name=\"twitter:data1\" content=\"3 minutes\" \/>\n<script type=\"application\/ld+json\" class=\"yoast-schema-graph\">{\"@context\":\"https:\\\/\\\/schema.org\",\"@graph\":[{\"@type\":\"WebPage\",\"@id\":\"https:\\\/\\\/www.storms-galerie.de\\\/en\\\/artists\\\/guenter-fruhtrunk\\\/biography\",\"url\":\"https:\\\/\\\/www.storms-galerie.de\\\/en\\\/artists\\\/guenter-fruhtrunk\\\/biography\",\"name\":\"g\u00fcnter fruhtrunk - biography - Walter Storms Galerie GmbH\",\"isPartOf\":{\"@id\":\"https:\\\/\\\/www.storms-galerie.de\\\/#website\"},\"datePublished\":\"2017-07-20T09:03:50+00:00\",\"dateModified\":\"2025-08-29T12:38:52+00:00\",\"description\":\"The career of G\u00fcnter Fruhtrunk: education, exhibitions, and key milestones at a glance.\",\"breadcrumb\":{\"@id\":\"https:\\\/\\\/www.storms-galerie.de\\\/en\\\/artists\\\/guenter-fruhtrunk\\\/biography#breadcrumb\"},\"inLanguage\":\"en-US\",\"potentialAction\":[{\"@type\":\"ReadAction\",\"target\":[\"https:\\\/\\\/www.storms-galerie.de\\\/en\\\/artists\\\/guenter-fruhtrunk\\\/biography\"]}]},{\"@type\":\"BreadcrumbList\",\"@id\":\"https:\\\/\\\/www.storms-galerie.de\\\/en\\\/artists\\\/guenter-fruhtrunk\\\/biography#breadcrumb\",\"itemListElement\":[{\"@type\":\"ListItem\",\"position\":1,\"name\":\"Startseite\",\"item\":\"https:\\\/\\\/www.storms-galerie.de\\\/en\"},{\"@type\":\"ListItem\",\"position\":2,\"name\":\"artists\",\"item\":\"https:\\\/\\\/www.storms-galerie.de\\\/en\\\/artists\"},{\"@type\":\"ListItem\",\"position\":3,\"name\":\"g\u00fcnter fruhtrunk\",\"item\":\"https:\\\/\\\/www.storms-galerie.de\\\/en\\\/artists\\\/guenter-fruhtrunk\"},{\"@type\":\"ListItem\",\"position\":4,\"name\":\"biography\"}]},{\"@type\":\"WebSite\",\"@id\":\"https:\\\/\\\/www.storms-galerie.de\\\/#website\",\"url\":\"https:\\\/\\\/www.storms-galerie.de\\\/\",\"name\":\"Walter Storms Galerie GmbH\",\"description\":\"\",\"potentialAction\":[{\"@type\":\"SearchAction\",\"target\":{\"@type\":\"EntryPoint\",\"urlTemplate\":\"https:\\\/\\\/www.storms-galerie.de\\\/?s={search_term_string}\"},\"query-input\":{\"@type\":\"PropertyValueSpecification\",\"valueRequired\":true,\"valueName\":\"search_term_string\"}}],\"inLanguage\":\"en-US\"}]}<\/script>\n<!-- \/ Yoast SEO plugin. -->","yoast_head_json":{"title":"g\u00fcnter fruhtrunk - biography - Walter Storms Galerie GmbH","description":"The career of G\u00fcnter Fruhtrunk: education, exhibitions, and key milestones at a glance.","robots":{"index":"index","follow":"follow","max-snippet":"max-snippet:-1","max-image-preview":"max-image-preview:large","max-video-preview":"max-video-preview:-1"},"canonical":"https:\/\/www.storms-galerie.de\/en\/artists\/guenter-fruhtrunk\/biography","og_locale":"en_US","og_type":"article","og_title":"g\u00fcnter fruhtrunk - biography - Walter Storms Galerie GmbH","og_description":"The career of G\u00fcnter Fruhtrunk: education, exhibitions, and key milestones at a glance.","og_url":"https:\/\/www.storms-galerie.de\/en\/artists\/guenter-fruhtrunk\/biography","og_site_name":"Walter Storms Galerie GmbH","article_modified_time":"2025-08-29T12:38:52+00:00","twitter_card":"summary_large_image","twitter_misc":{"Est. reading time":"3 minutes"},"schema":{"@context":"https:\/\/schema.org","@graph":[{"@type":"WebPage","@id":"https:\/\/www.storms-galerie.de\/en\/artists\/guenter-fruhtrunk\/biography","url":"https:\/\/www.storms-galerie.de\/en\/artists\/guenter-fruhtrunk\/biography","name":"g\u00fcnter fruhtrunk - biography - Walter Storms Galerie GmbH","isPartOf":{"@id":"https:\/\/www.storms-galerie.de\/#website"},"datePublished":"2017-07-20T09:03:50+00:00","dateModified":"2025-08-29T12:38:52+00:00","description":"The career of G\u00fcnter Fruhtrunk: education, exhibitions, and key milestones at a glance.","breadcrumb":{"@id":"https:\/\/www.storms-galerie.de\/en\/artists\/guenter-fruhtrunk\/biography#breadcrumb"},"inLanguage":"en-US","potentialAction":[{"@type":"ReadAction","target":["https:\/\/www.storms-galerie.de\/en\/artists\/guenter-fruhtrunk\/biography"]}]},{"@type":"BreadcrumbList","@id":"https:\/\/www.storms-galerie.de\/en\/artists\/guenter-fruhtrunk\/biography#breadcrumb","itemListElement":[{"@type":"ListItem","position":1,"name":"Startseite","item":"https:\/\/www.storms-galerie.de\/en"},{"@type":"ListItem","position":2,"name":"artists","item":"https:\/\/www.storms-galerie.de\/en\/artists"},{"@type":"ListItem","position":3,"name":"g\u00fcnter fruhtrunk","item":"https:\/\/www.storms-galerie.de\/en\/artists\/guenter-fruhtrunk"},{"@type":"ListItem","position":4,"name":"biography"}]},{"@type":"WebSite","@id":"https:\/\/www.storms-galerie.de\/#website","url":"https:\/\/www.storms-galerie.de\/","name":"Walter Storms Galerie GmbH","description":"","potentialAction":[{"@type":"SearchAction","target":{"@type":"EntryPoint","urlTemplate":"https:\/\/www.storms-galerie.de\/?s={search_term_string}"},"query-input":{"@type":"PropertyValueSpecification","valueRequired":true,"valueName":"search_term_string"}}],"inLanguage":"en-US"}]}},"_links":{"self":[{"href":"https:\/\/www.storms-galerie.de\/en\/wp-json\/wp\/v2\/pages\/2874","targetHints":{"allow":["GET"]}}],"collection":[{"href":"https:\/\/www.storms-galerie.de\/en\/wp-json\/wp\/v2\/pages"}],"about":[{"href":"https:\/\/www.storms-galerie.de\/en\/wp-json\/wp\/v2\/types\/page"}],"author":[{"embeddable":true,"href":"https:\/\/www.storms-galerie.de\/en\/wp-json\/wp\/v2\/users\/4"}],"replies":[{"embeddable":true,"href":"https:\/\/www.storms-galerie.de\/en\/wp-json\/wp\/v2\/comments?post=2874"}],"version-history":[{"count":6,"href":"https:\/\/www.storms-galerie.de\/en\/wp-json\/wp\/v2\/pages\/2874\/revisions"}],"predecessor-version":[{"id":12356,"href":"https:\/\/www.storms-galerie.de\/en\/wp-json\/wp\/v2\/pages\/2874\/revisions\/12356"}],"up":[{"embeddable":true,"href":"https:\/\/www.storms-galerie.de\/en\/wp-json\/wp\/v2\/pages\/2864"}],"wp:attachment":[{"href":"https:\/\/www.storms-galerie.de\/en\/wp-json\/wp\/v2\/media?parent=2874"}],"curies":[{"name":"wp","href":"https:\/\/api.w.org\/{rel}","templated":true}]}}