{"id":2862,"date":"2017-07-20T11:03:50","date_gmt":"2017-07-20T09:03:50","guid":{"rendered":"http:\/\/www.storms-galerie.de\/artists\/tim-freiwald\/biografie"},"modified":"2025-07-30T13:03:25","modified_gmt":"2025-07-30T11:03:25","slug":"biography","status":"publish","type":"page","link":"https:\/\/www.storms-galerie.de\/en\/artists\/tim-freiwald\/biography","title":{"rendered":"biography"},"content":{"rendered":"\n\t\t<section  class=\"content-section      mb-20-xs mb-30-sm  \" >\n\n\t\t\t<div class=\"row   \">\n\n\t\t\t\t[vc_column width=&#8221;1\/3&#8243;]\n\t\t<div class=\"ls-vc-image wpb_content_element\">\n\n\t\t\t\n\t\t\t\t<div class=\"image\">\n\n\t\t\t\t\t<div class=\"image__img\">\n\t\t\t\t\t\t<img loading=\"lazy\" decoding=\"async\" width=\"1080\" height=\"1350\" src=\"https:\/\/www.storms-galerie.de\/wp-content\/uploads\/2025\/07\/tim-freiwald-portrait.jpg\" class=\"\" alt=\"\" srcset=\"https:\/\/www.storms-galerie.de\/wp-content\/uploads\/2025\/07\/tim-freiwald-portrait.jpg 1080w, https:\/\/www.storms-galerie.de\/wp-content\/uploads\/2025\/07\/tim-freiwald-portrait-240x300.jpg 240w, https:\/\/www.storms-galerie.de\/wp-content\/uploads\/2025\/07\/tim-freiwald-portrait-819x1024.jpg 819w, https:\/\/www.storms-galerie.de\/wp-content\/uploads\/2025\/07\/tim-freiwald-portrait-768x960.jpg 768w, https:\/\/www.storms-galerie.de\/wp-content\/uploads\/2025\/07\/tim-freiwald-portrait-992x1240.jpg 992w, https:\/\/www.storms-galerie.de\/wp-content\/uploads\/2025\/07\/tim-freiwald-portrait-1024x1280.jpg 1024w\" sizes=\"auto, (max-width: 1080px) 100vw, 1080px\" \/>\t\t\t\t\t<\/div>\n\n\t\t\t\t\t\n\t\t\t\t<\/div>\n\n\t\t\t\n\t\t<\/div><!-- end \/.ls-vc-image -->\n\n\t\t[\/vc_column][vc_column width=&#8221;2\/3&#8243;][vc_column_text css=&#8221;&#8221;]Deconstructivism can be understood both as a specific way of thinking and as a particular technique in handling materials. Freiwald&#8217;s art is distinguished by his impressive ability to combine both aspects. In his works, Tim Freiwald focuses on the themes of material and surface. His works are based on motifs that continuously evolve in new variations. Freiwald often conducts his research photographically or digitally. From this starting point, the process of image construction begins, which resembles a deconstruction, translating into material. The compact physicality of the images is always in tension with the fragile structure within the image.<\/p>\n<p>Even during his studies at the Academy of Fine Arts in Munich, which he completed in 2014 as a master student of Thomas Scheibitz, Tim Freiwald (born 1986 in Leisnig near Leipzig) received numerous awards and grants, most recently a one-year scholarship from 2018 to 2019 at the International Artist House Villa Concordia in Bamberg.<\/p>\n<p>At the beginning of 2020, the Kunsthalle Bremerhaven presented the artist&#8217;s first major institutional solo exhibition, &#8220;Keeping Things Whole.&#8221; Accompanying this, a comprehensive catalog of the same name was published by Hatje Cantz Verlag. His most recent exhibitions include the &#8220;Schmetterling&#8221; exhibition in 2020 at Bluerider ART in Taipei, Taiwan, and an exhibition and book presentation in 2020 at the Walter Storms Gallery in Munich.<\/p>\n<p>&#8220;Tim Freiwald works with a variety of materials, to which he gives unexpected forms through interplay and various techniques, thus creating never-before-seen visual worlds. In the end, a freely interpretable ensemble is created, which appears unique in its relief-like, spatial depth and expressive colorfulness,&#8221; says Walter Storms.[\/vc_column_text][\/vc_column]\n\t\t\t<\/div>\n\n\t\t\t\n\t\t\t\n\t\t\t\n\t\t\t\n\t\t<\/section>\n\n\t\n\t\t<section  class=\"content-section      mb-20-xs mb-30-sm  \" >\n\n\t\t\t<div class=\"row   \">\n\n\t\t\t\t[vc_column][ls_vc_spacer vc_height=&#8221;30&#8243;][\/vc_column]\n\t\t\t<\/div>\n\n\t\t\t\n\t\t\t\n\t\t\t\n\t\t\t\n\t\t<\/section>\n\n\t\n\t\t<section  class=\"content-section      mb-20-xs mb-30-sm  \" >\n\n\t\t\t<div class=\"row   \">\n\n\t\t\t\t[vc_column][vc_column_text css=&#8221;&#8221;]<strong>education<\/strong><\/p>\n<p><strong>2014<\/strong><br \/>\nMaster student of Thomas Scheibitz<br \/>\n<strong>2007-14<\/strong><br \/>\nStudied Fine Arts at the Academy of Fine Arts Munich with Jerry Zeniuk and Thomas Scheibitz<\/p>\n<div class=\"ls-shortcode-spacer clearfix\"><div class=\"spacer\"  style=\"height: 30px\"><\/div><\/div>\n<p><strong>selected solo exhibitions<\/strong><\/p>\n<p><strong>2020<\/strong><br \/>\nSchmetterling, Bluerider ART, Taipei<br \/>\nTim Freiwald, Walter Storms Galerie, Munich<br \/>\nKeeping Things Whole, Kunsthalle Bremerhaven, Bremerhaven<br \/>\n<strong>2019<\/strong><br \/>\nBroken Hard Drive, Galerie Conrads, D\u00fcsseldorf<br \/>\n<strong>2018<\/strong><br \/>\nChimaerica, Internationales K\u00fcnstlerhaus Villa Concordia, Bamberg<br \/>\nNEW POSITIONS, Art Cologne, Cologne<br \/>\n<strong>2017<\/strong><br \/>\nAttracting Samples, Walter Storms Galerie, Munich<br \/>\n<strong>2015<\/strong><br \/>\nSave Your Best Friends, Big Pond Artworks, Munich<br \/>\n<strong>2014<\/strong><br \/>\nHow to Play with Skyscrapers, Kunstvilla im KunstKulturQuartier, Nuremberg<br \/>\n<strong>2013<\/strong><br \/>\nGo Ahead Young Man, Weltraum, Munich<br \/>\n<strong>2010<\/strong><br \/>\nIf You Can Talk About It, Why Paint It?, Stadtgalerie Neuburg a. d. Donau<\/p>\n<div class=\"ls-shortcode-spacer clearfix\"><div class=\"spacer\"  style=\"height: 30px\"><\/div><\/div>\n<p><strong>selected group exhibitions<\/strong><\/p>\n<p><strong>2024<\/strong><br \/>\nWhat Year Are You?, MODEM, Debrecen<br \/>\n<strong>2023<\/strong><br \/>\nHomeland Universe, Bluerider ART, London<br \/>\nAbstraction, Bluerider ART, Taipei<br \/>\nWinter Wonders, Bluerider ART, Taipei<br \/>\nNew Mediations, MODEM, Debrecen<br \/>\n<strong>2022<\/strong><br \/>\nNew Mediations, MODEM, Debrecen<br \/>\n<strong>2021<\/strong><br \/>\nSHOT#Two: It&#8217;s Part of a Strategy, Galerie Burster, Berlin<br \/>\n<strong>2020<\/strong><br \/>\nJoint Gesture, Galerie Conrads, Berlin<br \/>\n<strong>2019<\/strong><br \/>\nFarbrausch. A Field Study, Galerie Kleiner von Wiese, Berlin<br \/>\nTiefe Nach Au\u00dfen II, Kunstverein Aichach, Aichach<br \/>\n<strong>2018<\/strong><br \/>\nSalon der Gegenwart, Hamburg<br \/>\n<strong>2017<\/strong><br \/>\n40 Years &#8211; Walter Storms Galerie, Munich<br \/>\n<strong>2016<\/strong><br \/>\nTiefe Nach Au\u00dfen, Galerie der K\u00fcnstler, BBK M\u00fcnchen<br \/>\n<strong>2015<\/strong><br \/>\nConcrete Jungle, Walter Storms Galerie, Munich<\/p>\n[\/vc_column_text][\/vc_column]\n\t\t\t<\/div>\n\n\t\t\t\n\t\t\t\n\t\t\t\n\t\t\t\n\t\t<\/section>\n\n\t\n","protected":false},"excerpt":{"rendered":"[vc_column width=\"1\/3\"] [\/vc_column][vc_column width=\"2\/3\"][vc_column_text css=\"\"]Deconstructivism can be understood both as a specific way of thinking and as a particular technique in handling materials. Freiwald's art is distinguished by his impressive ability to combine both aspects. In his works, Tim Freiwald focuses on the themes of material and surface. His works <a class=\"moretag\" href=\"https:\/\/www.storms-galerie.de\/en\/artists\/tim-freiwald\/biography\">read more...<\/a>","protected":false},"author":4,"featured_media":0,"parent":2849,"menu_order":97,"comment_status":"closed","ping_status":"closed","template":"","meta":{"_acf_changed":false,"footnotes":""},"class_list":["post-2862","page","type-page","status-publish","hentry"],"acf":[],"yoast_head":"<!-- This site is optimized with the Yoast SEO plugin v27.4 - https:\/\/yoast.com\/product\/yoast-seo-wordpress\/ -->\n<title>tim freiwald - biography - Walter Storms Galerie GmbH<\/title>\n<meta name=\"description\" content=\"The career of Tim Freiwald: education, exhibitions, and key milestones at a glance.\" \/>\n<meta name=\"robots\" content=\"index, follow, max-snippet:-1, max-image-preview:large, max-video-preview:-1\" \/>\n<link rel=\"canonical\" href=\"https:\/\/www.storms-galerie.de\/en\/artists\/tim-freiwald\/biography\" \/>\n<meta property=\"og:locale\" content=\"en_US\" \/>\n<meta property=\"og:type\" content=\"article\" \/>\n<meta property=\"og:title\" content=\"tim freiwald - biography - Walter Storms Galerie GmbH\" \/>\n<meta property=\"og:description\" content=\"The career of Tim Freiwald: education, exhibitions, and key milestones at a glance.\" \/>\n<meta property=\"og:url\" content=\"https:\/\/www.storms-galerie.de\/en\/artists\/tim-freiwald\/biography\" \/>\n<meta property=\"og:site_name\" content=\"Walter Storms Galerie GmbH\" \/>\n<meta property=\"article:modified_time\" content=\"2025-07-30T11:03:25+00:00\" \/>\n<meta name=\"twitter:card\" content=\"summary_large_image\" \/>\n<meta name=\"twitter:label1\" content=\"Est. reading time\" \/>\n\t<meta name=\"twitter:data1\" content=\"3 minutes\" \/>\n<script type=\"application\/ld+json\" class=\"yoast-schema-graph\">{\"@context\":\"https:\\\/\\\/schema.org\",\"@graph\":[{\"@type\":\"WebPage\",\"@id\":\"https:\\\/\\\/www.storms-galerie.de\\\/en\\\/artists\\\/tim-freiwald\\\/biography\",\"url\":\"https:\\\/\\\/www.storms-galerie.de\\\/en\\\/artists\\\/tim-freiwald\\\/biography\",\"name\":\"tim freiwald - biography - Walter Storms Galerie GmbH\",\"isPartOf\":{\"@id\":\"https:\\\/\\\/www.storms-galerie.de\\\/#website\"},\"datePublished\":\"2017-07-20T09:03:50+00:00\",\"dateModified\":\"2025-07-30T11:03:25+00:00\",\"description\":\"The career of Tim Freiwald: education, exhibitions, and key milestones at a glance.\",\"breadcrumb\":{\"@id\":\"https:\\\/\\\/www.storms-galerie.de\\\/en\\\/artists\\\/tim-freiwald\\\/biography#breadcrumb\"},\"inLanguage\":\"en-US\",\"potentialAction\":[{\"@type\":\"ReadAction\",\"target\":[\"https:\\\/\\\/www.storms-galerie.de\\\/en\\\/artists\\\/tim-freiwald\\\/biography\"]}]},{\"@type\":\"BreadcrumbList\",\"@id\":\"https:\\\/\\\/www.storms-galerie.de\\\/en\\\/artists\\\/tim-freiwald\\\/biography#breadcrumb\",\"itemListElement\":[{\"@type\":\"ListItem\",\"position\":1,\"name\":\"Startseite\",\"item\":\"https:\\\/\\\/www.storms-galerie.de\\\/en\"},{\"@type\":\"ListItem\",\"position\":2,\"name\":\"artists\",\"item\":\"https:\\\/\\\/www.storms-galerie.de\\\/en\\\/artists\"},{\"@type\":\"ListItem\",\"position\":3,\"name\":\"tim freiwald\",\"item\":\"https:\\\/\\\/www.storms-galerie.de\\\/en\\\/artists\\\/tim-freiwald\"},{\"@type\":\"ListItem\",\"position\":4,\"name\":\"biography\"}]},{\"@type\":\"WebSite\",\"@id\":\"https:\\\/\\\/www.storms-galerie.de\\\/#website\",\"url\":\"https:\\\/\\\/www.storms-galerie.de\\\/\",\"name\":\"Walter Storms Galerie GmbH\",\"description\":\"\",\"potentialAction\":[{\"@type\":\"SearchAction\",\"target\":{\"@type\":\"EntryPoint\",\"urlTemplate\":\"https:\\\/\\\/www.storms-galerie.de\\\/?s={search_term_string}\"},\"query-input\":{\"@type\":\"PropertyValueSpecification\",\"valueRequired\":true,\"valueName\":\"search_term_string\"}}],\"inLanguage\":\"en-US\"}]}<\/script>\n<!-- \/ Yoast SEO plugin. -->","yoast_head_json":{"title":"tim freiwald - biography - Walter Storms Galerie GmbH","description":"The career of Tim Freiwald: education, exhibitions, and key milestones at a glance.","robots":{"index":"index","follow":"follow","max-snippet":"max-snippet:-1","max-image-preview":"max-image-preview:large","max-video-preview":"max-video-preview:-1"},"canonical":"https:\/\/www.storms-galerie.de\/en\/artists\/tim-freiwald\/biography","og_locale":"en_US","og_type":"article","og_title":"tim freiwald - biography - Walter Storms Galerie GmbH","og_description":"The career of Tim Freiwald: education, exhibitions, and key milestones at a glance.","og_url":"https:\/\/www.storms-galerie.de\/en\/artists\/tim-freiwald\/biography","og_site_name":"Walter Storms Galerie GmbH","article_modified_time":"2025-07-30T11:03:25+00:00","twitter_card":"summary_large_image","twitter_misc":{"Est. reading time":"3 minutes"},"schema":{"@context":"https:\/\/schema.org","@graph":[{"@type":"WebPage","@id":"https:\/\/www.storms-galerie.de\/en\/artists\/tim-freiwald\/biography","url":"https:\/\/www.storms-galerie.de\/en\/artists\/tim-freiwald\/biography","name":"tim freiwald - biography - Walter Storms Galerie GmbH","isPartOf":{"@id":"https:\/\/www.storms-galerie.de\/#website"},"datePublished":"2017-07-20T09:03:50+00:00","dateModified":"2025-07-30T11:03:25+00:00","description":"The career of Tim Freiwald: education, exhibitions, and key milestones at a glance.","breadcrumb":{"@id":"https:\/\/www.storms-galerie.de\/en\/artists\/tim-freiwald\/biography#breadcrumb"},"inLanguage":"en-US","potentialAction":[{"@type":"ReadAction","target":["https:\/\/www.storms-galerie.de\/en\/artists\/tim-freiwald\/biography"]}]},{"@type":"BreadcrumbList","@id":"https:\/\/www.storms-galerie.de\/en\/artists\/tim-freiwald\/biography#breadcrumb","itemListElement":[{"@type":"ListItem","position":1,"name":"Startseite","item":"https:\/\/www.storms-galerie.de\/en"},{"@type":"ListItem","position":2,"name":"artists","item":"https:\/\/www.storms-galerie.de\/en\/artists"},{"@type":"ListItem","position":3,"name":"tim freiwald","item":"https:\/\/www.storms-galerie.de\/en\/artists\/tim-freiwald"},{"@type":"ListItem","position":4,"name":"biography"}]},{"@type":"WebSite","@id":"https:\/\/www.storms-galerie.de\/#website","url":"https:\/\/www.storms-galerie.de\/","name":"Walter Storms Galerie GmbH","description":"","potentialAction":[{"@type":"SearchAction","target":{"@type":"EntryPoint","urlTemplate":"https:\/\/www.storms-galerie.de\/?s={search_term_string}"},"query-input":{"@type":"PropertyValueSpecification","valueRequired":true,"valueName":"search_term_string"}}],"inLanguage":"en-US"}]}},"_links":{"self":[{"href":"https:\/\/www.storms-galerie.de\/en\/wp-json\/wp\/v2\/pages\/2862","targetHints":{"allow":["GET"]}}],"collection":[{"href":"https:\/\/www.storms-galerie.de\/en\/wp-json\/wp\/v2\/pages"}],"about":[{"href":"https:\/\/www.storms-galerie.de\/en\/wp-json\/wp\/v2\/types\/page"}],"author":[{"embeddable":true,"href":"https:\/\/www.storms-galerie.de\/en\/wp-json\/wp\/v2\/users\/4"}],"replies":[{"embeddable":true,"href":"https:\/\/www.storms-galerie.de\/en\/wp-json\/wp\/v2\/comments?post=2862"}],"version-history":[{"count":11,"href":"https:\/\/www.storms-galerie.de\/en\/wp-json\/wp\/v2\/pages\/2862\/revisions"}],"predecessor-version":[{"id":11904,"href":"https:\/\/www.storms-galerie.de\/en\/wp-json\/wp\/v2\/pages\/2862\/revisions\/11904"}],"up":[{"embeddable":true,"href":"https:\/\/www.storms-galerie.de\/en\/wp-json\/wp\/v2\/pages\/2849"}],"wp:attachment":[{"href":"https:\/\/www.storms-galerie.de\/en\/wp-json\/wp\/v2\/media?parent=2862"}],"curies":[{"name":"wp","href":"https:\/\/api.w.org\/{rel}","templated":true}]}}