{"id":2818,"date":"2017-07-20T11:03:50","date_gmt":"2017-07-20T09:03:50","guid":{"rendered":"http:\/\/www.storms-galerie.de\/artists\/shannon-finley\/biografie"},"modified":"2025-08-29T14:17:18","modified_gmt":"2025-08-29T12:17:18","slug":"biography","status":"publish","type":"page","link":"https:\/\/www.storms-galerie.de\/en\/artists\/shannon-finley\/biography","title":{"rendered":"biography"},"content":{"rendered":"\n\t\t<section  class=\"content-section      mb-20-xs mb-30-sm  \" >\n\n\t\t\t<div class=\"row   \">\n\n\t\t\t\t[vc_column width=&#8221;1\/3&#8243;]\n\t\t<div class=\"ls-vc-image wpb_content_element\">\n\n\t\t\t\n\t\t\t\t<div class=\"image\">\n\n\t\t\t\t\t<div class=\"image__img\">\n\t\t\t\t\t\t<img loading=\"lazy\" decoding=\"async\" width=\"1080\" height=\"1350\" src=\"https:\/\/www.storms-galerie.de\/wp-content\/uploads\/2025\/07\/shannon-finley-portrait.jpg\" class=\"\" alt=\"\" srcset=\"https:\/\/www.storms-galerie.de\/wp-content\/uploads\/2025\/07\/shannon-finley-portrait.jpg 1080w, https:\/\/www.storms-galerie.de\/wp-content\/uploads\/2025\/07\/shannon-finley-portrait-240x300.jpg 240w, https:\/\/www.storms-galerie.de\/wp-content\/uploads\/2025\/07\/shannon-finley-portrait-819x1024.jpg 819w, https:\/\/www.storms-galerie.de\/wp-content\/uploads\/2025\/07\/shannon-finley-portrait-768x960.jpg 768w, https:\/\/www.storms-galerie.de\/wp-content\/uploads\/2025\/07\/shannon-finley-portrait-992x1240.jpg 992w, https:\/\/www.storms-galerie.de\/wp-content\/uploads\/2025\/07\/shannon-finley-portrait-1024x1280.jpg 1024w\" sizes=\"auto, (max-width: 1080px) 100vw, 1080px\" \/>\t\t\t\t\t<\/div>\n\n\t\t\t\t\t\n\t\t\t\t<\/div>\n\n\t\t\t\n\t\t<\/div><!-- end \/.ls-vc-image -->\n\n\t\t[\/vc_column][vc_column width=&#8221;2\/3&#8243;][vc_column_text css=&#8221;&#8221;]\n<p style=\"text-align: justify\">In an intensive process, Shannon Finley layers countless translucent layers of acrylic paint in purely geometric shapes on the canvas. In the prismatic-looking surface, which makes the creation process comprehensible, reality disintegrates into a colorful glow like in a kaleidoscope, but is also reminiscent of the technoid world of Metropolis and the coarse pixels of early computer games.<\/p>\n<p style=\"text-align: justify\">Shannon Finley, born 1974 in Ontario, Canada, lives and works in Berlin. He received his BFA in 1999 from the Nova Scotia College of Art and Design in Halifax. His recent museum highlights include the exhibition &#8220;Light &#8211; Color &#8211; Space&#8221; at Kunsthaus Kaufbeuren in 2021 and the exhibition &#8220;Aftermathematics&#8221; at Mies van der Rohe Haus in Berlin in 2023. These exhibitions reflect his ongoing exploration of the relationship between digital and analog art as well as his ability to create complex, layer-based works.<\/p>\n[\/vc_column_text][\/vc_column]\n\t\t\t<\/div>\n\n\t\t\t\n\t\t\t\n\t\t\t\n\t\t\t\n\t\t<\/section>\n\n\t\n\t\t<section  class=\"content-section      mb-20-xs mb-30-sm  \" >\n\n\t\t\t<div class=\"row   \">\n\n\t\t\t\t[vc_column][ls_vc_spacer vc_height=&#8221;30&#8243;][\/vc_column]\n\t\t\t<\/div>\n\n\t\t\t\n\t\t\t\n\t\t\t\n\t\t\t\n\t\t<\/section>\n\n\t\n\t\t<section  class=\"content-section      mb-20-xs mb-30-sm  \" >\n\n\t\t\t<div class=\"row   \">\n\n\t\t\t\t[vc_column][vc_column_text css=&#8221;&#8221;]<strong>education<\/strong><\/p>\n<p><strong>2006-08<\/strong><br \/>\nMaster student of Prof. Roger Ackling, Chelsea College of Art and Design, London<br \/>\n<strong>2002-04<\/strong><br \/>\nMFA, Milton Avery Graduate School of the Arts, Bard College, Annandale-on-Hudson, New York<br \/>\n<strong>1996-00<\/strong><br \/>\nBFA, Nova Scotia College of Art and Design, Halifax, Canada<br \/>\n<strong>1998<\/strong><br \/>\nStudy visit, St\u00e4delschule, Frankfurt am Main (Class Ayse Erkmen)<\/p>\n<div class=\"ls-shortcode-spacer clearfix\"><div class=\"spacer\"  style=\"height: 30px\"><\/div><\/div>\n<p data-start=\"133\" data-end=\"230\"><strong>public collections<\/strong><\/p>\n<p data-start=\"133\" data-end=\"230\">Georgia Museum of Art, Athens (USA)<br \/>\nMuseum f\u00fcr Konkrete Kunst, Ingolstadt<\/p>\n<p data-start=\"133\" data-end=\"230\"><div class=\"ls-shortcode-spacer clearfix\"><div class=\"spacer\"  style=\"height: 30px\"><\/div><\/div>\n<p data-start=\"133\" data-end=\"230\"><strong>selected solo exhibitions<\/strong><\/p>\n<p data-start=\"433\" data-end=\"492\"><strong data-start=\"433\" data-end=\"441\">2025<\/strong><br data-start=\"441\" data-end=\"444\" \/>Mutations, Miles McEnery Gallery, New York<br \/>\n<strong data-start=\"567\" data-end=\"575\">2023<\/strong><br data-start=\"575\" data-end=\"578\" \/>Aftermathematics, Mies van der Rohe Haus, Berlin<br data-start=\"635\" data-end=\"638\" \/>Aftermathematics, Miles McEnery Gallery, New York<br \/>\n<strong data-start=\"718\" data-end=\"726\">2021<\/strong><br data-start=\"726\" data-end=\"729\" \/>Cascade, Miles McEnery Gallery, New York<br data-start=\"814\" data-end=\"817\" \/>Rupprecht Geiger | Shannon Finley: Licht, Farbe, Raum, Kunsthaus Kaufbeuren, Kaufbeuren<br \/>\n<strong data-start=\"917\" data-end=\"925\">2020<\/strong><br data-start=\"925\" data-end=\"928\" \/>End of Line, Carrie Secrist Gallery, Chicag<strong>o<\/strong><br \/>\n<strong data-start=\"1046\" data-end=\"1054\">2016<\/strong><br data-start=\"1054\" data-end=\"1057\" \/>INTERFERENCE, Carrie Secrist Gallery<br data-start=\"1106\" data-end=\"1109\" \/>Lora Reynolds Gallery<br data-start=\"1142\" data-end=\"1145\" \/>Future Shock, Culture Circle Gallery<br \/>\n<strong data-start=\"1203\" data-end=\"1211\">2015<\/strong><br data-start=\"1211\" data-end=\"1214\" \/>Paintings for the Future, Jessica Silverman, San Francisco<br \/>\n<strong data-start=\"1321\" data-end=\"1329\">2014<\/strong><br data-start=\"1329\" data-end=\"1332\" \/>Susanne Vielmetter Los Angeles Projects<br data-start=\"1388\" data-end=\"1391\" \/>Vladimir Restoin Roitfeld, New York<br \/>\n<strong data-start=\"1434\" data-end=\"1442\">2013<\/strong><br data-start=\"1442\" data-end=\"1445\" \/>Maruani &amp; Noirhomme Gallery, Brussels<br \/>\n<strong data-start=\"1495\" data-end=\"1503\">2012<\/strong><br data-start=\"1503\" data-end=\"1506\" \/>Century Entropy, Bischoff Weiss Gallery, London<br \/>\n<strong data-start=\"1561\" data-end=\"1569\">2011<\/strong><br data-start=\"1569\" data-end=\"1572\" \/>Encrypted and Lost, Galerie Christian Ehrentraut, Berlin<\/p>\n<p data-start=\"1641\" data-end=\"1761\"><strong data-start=\"1641\" data-end=\"1649\">2010<\/strong><br data-start=\"1649\" data-end=\"1652\" \/>Specters into Signals, Galerie Christian Ehrentraut, Berlin, Germany<br data-start=\"1720\" data-end=\"1723\" \/>Jessica Silverman, San Francisco<\/p>\n<div class=\"ls-shortcode-spacer clearfix\"><div class=\"spacer\"  style=\"height: 30px\"><\/div><\/div>\n<p><strong>selected group exhibitions<\/strong><\/p>\n<p data-start=\"339\" data-end=\"443\"><strong data-start=\"339\" data-end=\"347\">2024<\/strong><br data-start=\"347\" data-end=\"350\" \/>All Bangers, All The Time: 25th Anniversary Exhibition, Miles McEnery Gallery, New York<br \/>\n<strong data-start=\"682\" data-end=\"690\">2019<\/strong><br data-start=\"690\" data-end=\"693\" \/>Shall we go, you and I while we can, Carrie Secrist Gallery, Chicago<br \/>\n<strong data-start=\"769\" data-end=\"777\">2018<\/strong><br data-start=\"777\" data-end=\"780\" \/>Tomorrow\u2019s Dream, Neuer Essener Kunstverein, Esse<strong>n<br \/>\n<\/strong><strong data-start=\"938\" data-end=\"946\">2016<\/strong><br data-start=\"946\" data-end=\"949\" \/>Takashi Murakami\u2019s Superflat Collection, Yokohama Museum of Art, Yokohama<br data-start=\"1029\" data-end=\"1032\" \/>Pioneer Lust, Lora Reynolds Gallery, Austin<br \/>\n<strong data-start=\"1083\" data-end=\"1091\">2015<\/strong><br data-start=\"1091\" data-end=\"1094\" \/>Shifting Optics, Upstream Gallery, Amsterdam<br data-start=\"1151\" data-end=\"1154\" \/>White is the Warmest Color (curated by Jessica Silverman), Hedge Gallery, San Francisco<br data-start=\"1245\" data-end=\"1248\" \/>Neon \u2013 From Glowing of Art, Stadtgalerie, Saarbr\u00fccken<br \/>\n<strong data-start=\"1314\" data-end=\"1322\">2014<\/strong><br data-start=\"1322\" data-end=\"1325\" \/>Neon, Museum f\u00fcr Konkrete Kunst, Ingolstadt<br data-start=\"1377\" data-end=\"1380\" \/>Painting Forever!, KW Institute for Contemporary Art, Berlin<br data-start=\"1449\" data-end=\"1452\" \/>In the Studio, Kunsthalle Athena, Athen<br data-start=\"1500\" data-end=\"1503\" \/>Photography, Reconstructed (curated by Pavel Vancat), Prague Biennale, Prague<br \/>\n<strong data-start=\"1600\" data-end=\"1608\">2012<\/strong><br data-start=\"1608\" data-end=\"1611\" \/>Linie, Fl\u00e4che, Zeit, Ratskeller, Galerie f\u00fcr Zeitgen\u00f6ssische Kunst, Berlin<br data-start=\"1694\" data-end=\"1697\" \/>Abstract Confusion, St\u00e4dtische Galerie Gladbeck, Gladbeck &amp; Kunsthalle Erfurt, Erfurt<br data-start=\"1800\" data-end=\"1803\" \/>Kaleidoscope, C24 Gallery, New York<br \/>\n<strong data-start=\"1931\" data-end=\"1939\">2011<\/strong><br data-start=\"1939\" data-end=\"1942\" \/>Abstract Confusion, b05 Kunst- und Kulturzentrum, Montabaur, Germany &amp; Kunstverein Ulm, Ulm<br data-start=\"2042\" data-end=\"2045\" \/>Liquid Space, Nettie Horn Gallery, London<br data-start=\"2090\" data-end=\"2093\" \/>You Are Here: Berlin \u2013 Tokyo, Berlin &amp; Tokyo<br \/>\n<strong data-start=\"2157\" data-end=\"2165\">2010<\/strong><br data-start=\"2165\" data-end=\"2168\" \/>Konstruktiv!, Beck &amp; Eggeling International Fine Art, D\u00fcsseldorf<br \/>\n<strong data-start=\"2245\" data-end=\"2253\">2009<\/strong><br data-start=\"2253\" data-end=\"2256\" \/>wasistdas \u201809, Paris<br \/>\n<strong data-start=\"2288\" data-end=\"2296\">2008<\/strong><br data-start=\"2296\" data-end=\"2299\" \/>Neuer Aachener Kunstverein, Aachen<br \/>\n<strong data-start=\"2346\" data-end=\"2354\">2007<\/strong><br data-start=\"2354\" data-end=\"2357\" \/>New Revolutionary Ghosts, Broadway 1602, New York &amp; Los Angeles<br data-start=\"2428\" data-end=\"2431\" \/>Neuer Aachener Kunstverein, Aachen<br \/>\n<strong data-start=\"2478\" data-end=\"2486\">2004<\/strong><br data-start=\"2486\" data-end=\"2489\" \/>Super Salon, Samson Projects, Boston<br \/>\n<strong data-start=\"2533\" data-end=\"2541\">2003<\/strong><br data-start=\"2541\" data-end=\"2544\" \/>Groundswell, White Columns, New York<br \/>\n<strong data-start=\"2588\" data-end=\"2596\">2002<\/strong><br data-start=\"2596\" data-end=\"2599\" \/>Underground, Pat Hearn Art Gallery, New York<\/p>\n[\/vc_column_text][\/vc_column]\n\t\t\t<\/div>\n\n\t\t\t\n\t\t\t\n\t\t\t\n\t\t\t\n\t\t<\/section>\n\n\t\n","protected":false},"excerpt":{"rendered":"[vc_column width=\"1\/3\"] [\/vc_column][vc_column width=\"2\/3\"][vc_column_text css=\"\"] In an intensive process, Shannon Finley layers countless translucent layers of acrylic paint in purely geometric shapes on the canvas. In the prismatic-looking surface, which makes the creation process comprehensible, reality disintegrates into a colorful glow like in a kaleidoscope, but is also reminiscent of <a class=\"moretag\" href=\"https:\/\/www.storms-galerie.de\/en\/artists\/shannon-finley\/biography\">read more...<\/a>","protected":false},"author":4,"featured_media":0,"parent":2804,"menu_order":93,"comment_status":"closed","ping_status":"closed","template":"","meta":{"_acf_changed":false,"footnotes":""},"class_list":["post-2818","page","type-page","status-publish","hentry"],"acf":[],"yoast_head":"<!-- This site is optimized with the Yoast SEO plugin v27.4 - https:\/\/yoast.com\/product\/yoast-seo-wordpress\/ -->\n<title>shannon finley - biography - Walter Storms Galerie GmbH<\/title>\n<meta name=\"description\" content=\"The career of Shannon Finley: education, exhibitions, and key milestones at a glance.\" \/>\n<meta name=\"robots\" content=\"index, follow, max-snippet:-1, max-image-preview:large, max-video-preview:-1\" \/>\n<link rel=\"canonical\" href=\"https:\/\/www.storms-galerie.de\/en\/artists\/shannon-finley\/biography\" \/>\n<meta property=\"og:locale\" content=\"en_US\" \/>\n<meta property=\"og:type\" content=\"article\" \/>\n<meta property=\"og:title\" content=\"shannon finley - biography - Walter Storms Galerie GmbH\" \/>\n<meta property=\"og:description\" content=\"The career of Shannon Finley: education, exhibitions, and key milestones at a glance.\" \/>\n<meta property=\"og:url\" content=\"https:\/\/www.storms-galerie.de\/en\/artists\/shannon-finley\/biography\" \/>\n<meta property=\"og:site_name\" content=\"Walter Storms Galerie GmbH\" \/>\n<meta property=\"article:modified_time\" content=\"2025-08-29T12:17:18+00:00\" \/>\n<meta name=\"twitter:card\" content=\"summary_large_image\" \/>\n<meta name=\"twitter:label1\" content=\"Est. reading time\" \/>\n\t<meta name=\"twitter:data1\" content=\"4 minutes\" \/>\n<script type=\"application\/ld+json\" class=\"yoast-schema-graph\">{\"@context\":\"https:\\\/\\\/schema.org\",\"@graph\":[{\"@type\":\"WebPage\",\"@id\":\"https:\\\/\\\/www.storms-galerie.de\\\/en\\\/artists\\\/shannon-finley\\\/biography\",\"url\":\"https:\\\/\\\/www.storms-galerie.de\\\/en\\\/artists\\\/shannon-finley\\\/biography\",\"name\":\"shannon finley - biography - Walter Storms Galerie GmbH\",\"isPartOf\":{\"@id\":\"https:\\\/\\\/www.storms-galerie.de\\\/#website\"},\"datePublished\":\"2017-07-20T09:03:50+00:00\",\"dateModified\":\"2025-08-29T12:17:18+00:00\",\"description\":\"The career of Shannon Finley: education, exhibitions, and key milestones at a glance.\",\"breadcrumb\":{\"@id\":\"https:\\\/\\\/www.storms-galerie.de\\\/en\\\/artists\\\/shannon-finley\\\/biography#breadcrumb\"},\"inLanguage\":\"en-US\",\"potentialAction\":[{\"@type\":\"ReadAction\",\"target\":[\"https:\\\/\\\/www.storms-galerie.de\\\/en\\\/artists\\\/shannon-finley\\\/biography\"]}]},{\"@type\":\"BreadcrumbList\",\"@id\":\"https:\\\/\\\/www.storms-galerie.de\\\/en\\\/artists\\\/shannon-finley\\\/biography#breadcrumb\",\"itemListElement\":[{\"@type\":\"ListItem\",\"position\":1,\"name\":\"Startseite\",\"item\":\"https:\\\/\\\/www.storms-galerie.de\\\/en\"},{\"@type\":\"ListItem\",\"position\":2,\"name\":\"artists\",\"item\":\"https:\\\/\\\/www.storms-galerie.de\\\/en\\\/artists\"},{\"@type\":\"ListItem\",\"position\":3,\"name\":\"shannon finley\",\"item\":\"https:\\\/\\\/www.storms-galerie.de\\\/en\\\/artists\\\/shannon-finley\"},{\"@type\":\"ListItem\",\"position\":4,\"name\":\"biography\"}]},{\"@type\":\"WebSite\",\"@id\":\"https:\\\/\\\/www.storms-galerie.de\\\/#website\",\"url\":\"https:\\\/\\\/www.storms-galerie.de\\\/\",\"name\":\"Walter Storms Galerie GmbH\",\"description\":\"\",\"potentialAction\":[{\"@type\":\"SearchAction\",\"target\":{\"@type\":\"EntryPoint\",\"urlTemplate\":\"https:\\\/\\\/www.storms-galerie.de\\\/?s={search_term_string}\"},\"query-input\":{\"@type\":\"PropertyValueSpecification\",\"valueRequired\":true,\"valueName\":\"search_term_string\"}}],\"inLanguage\":\"en-US\"}]}<\/script>\n<!-- \/ Yoast SEO plugin. -->","yoast_head_json":{"title":"shannon finley - biography - Walter Storms Galerie GmbH","description":"The career of Shannon Finley: education, exhibitions, and key milestones at a glance.","robots":{"index":"index","follow":"follow","max-snippet":"max-snippet:-1","max-image-preview":"max-image-preview:large","max-video-preview":"max-video-preview:-1"},"canonical":"https:\/\/www.storms-galerie.de\/en\/artists\/shannon-finley\/biography","og_locale":"en_US","og_type":"article","og_title":"shannon finley - biography - Walter Storms Galerie GmbH","og_description":"The career of Shannon Finley: education, exhibitions, and key milestones at a glance.","og_url":"https:\/\/www.storms-galerie.de\/en\/artists\/shannon-finley\/biography","og_site_name":"Walter Storms Galerie GmbH","article_modified_time":"2025-08-29T12:17:18+00:00","twitter_card":"summary_large_image","twitter_misc":{"Est. reading time":"4 minutes"},"schema":{"@context":"https:\/\/schema.org","@graph":[{"@type":"WebPage","@id":"https:\/\/www.storms-galerie.de\/en\/artists\/shannon-finley\/biography","url":"https:\/\/www.storms-galerie.de\/en\/artists\/shannon-finley\/biography","name":"shannon finley - biography - Walter Storms Galerie GmbH","isPartOf":{"@id":"https:\/\/www.storms-galerie.de\/#website"},"datePublished":"2017-07-20T09:03:50+00:00","dateModified":"2025-08-29T12:17:18+00:00","description":"The career of Shannon Finley: education, exhibitions, and key milestones at a glance.","breadcrumb":{"@id":"https:\/\/www.storms-galerie.de\/en\/artists\/shannon-finley\/biography#breadcrumb"},"inLanguage":"en-US","potentialAction":[{"@type":"ReadAction","target":["https:\/\/www.storms-galerie.de\/en\/artists\/shannon-finley\/biography"]}]},{"@type":"BreadcrumbList","@id":"https:\/\/www.storms-galerie.de\/en\/artists\/shannon-finley\/biography#breadcrumb","itemListElement":[{"@type":"ListItem","position":1,"name":"Startseite","item":"https:\/\/www.storms-galerie.de\/en"},{"@type":"ListItem","position":2,"name":"artists","item":"https:\/\/www.storms-galerie.de\/en\/artists"},{"@type":"ListItem","position":3,"name":"shannon finley","item":"https:\/\/www.storms-galerie.de\/en\/artists\/shannon-finley"},{"@type":"ListItem","position":4,"name":"biography"}]},{"@type":"WebSite","@id":"https:\/\/www.storms-galerie.de\/#website","url":"https:\/\/www.storms-galerie.de\/","name":"Walter Storms Galerie GmbH","description":"","potentialAction":[{"@type":"SearchAction","target":{"@type":"EntryPoint","urlTemplate":"https:\/\/www.storms-galerie.de\/?s={search_term_string}"},"query-input":{"@type":"PropertyValueSpecification","valueRequired":true,"valueName":"search_term_string"}}],"inLanguage":"en-US"}]}},"_links":{"self":[{"href":"https:\/\/www.storms-galerie.de\/en\/wp-json\/wp\/v2\/pages\/2818","targetHints":{"allow":["GET"]}}],"collection":[{"href":"https:\/\/www.storms-galerie.de\/en\/wp-json\/wp\/v2\/pages"}],"about":[{"href":"https:\/\/www.storms-galerie.de\/en\/wp-json\/wp\/v2\/types\/page"}],"author":[{"embeddable":true,"href":"https:\/\/www.storms-galerie.de\/en\/wp-json\/wp\/v2\/users\/4"}],"replies":[{"embeddable":true,"href":"https:\/\/www.storms-galerie.de\/en\/wp-json\/wp\/v2\/comments?post=2818"}],"version-history":[{"count":13,"href":"https:\/\/www.storms-galerie.de\/en\/wp-json\/wp\/v2\/pages\/2818\/revisions"}],"predecessor-version":[{"id":12348,"href":"https:\/\/www.storms-galerie.de\/en\/wp-json\/wp\/v2\/pages\/2818\/revisions\/12348"}],"up":[{"embeddable":true,"href":"https:\/\/www.storms-galerie.de\/en\/wp-json\/wp\/v2\/pages\/2804"}],"wp:attachment":[{"href":"https:\/\/www.storms-galerie.de\/en\/wp-json\/wp\/v2\/media?parent=2818"}],"curies":[{"name":"wp","href":"https:\/\/api.w.org\/{rel}","templated":true}]}}