{"id":2696,"date":"2017-07-17T08:07:33","date_gmt":"2017-07-17T06:07:33","guid":{"rendered":"http:\/\/www.storms-galerie.de\/artists\/albert-hien\/biografie"},"modified":"2026-04-08T11:47:40","modified_gmt":"2026-04-08T09:47:40","slug":"biography","status":"publish","type":"page","link":"https:\/\/www.storms-galerie.de\/en\/artists\/albert-hien\/biography","title":{"rendered":"biography"},"content":{"rendered":"\n\t\t<section  class=\"content-section      mb-20-xs mb-30-sm  \" >\n\n\t\t\t<div class=\"row   \">\n\n\t\t\t\t[vc_column width=&#8221;1\/3&#8243;]\n\t\t<div class=\"ls-vc-image wpb_content_element\">\n\n\t\t\t\n\t\t\t\t<div class=\"image\">\n\n\t\t\t\t\t<div class=\"image__img\">\n\t\t\t\t\t\t<img loading=\"lazy\" decoding=\"async\" width=\"1080\" height=\"1350\" src=\"https:\/\/www.storms-galerie.de\/wp-content\/uploads\/2025\/07\/albert-hien-portrait.jpg\" class=\"\" alt=\"\" srcset=\"https:\/\/www.storms-galerie.de\/wp-content\/uploads\/2025\/07\/albert-hien-portrait.jpg 1080w, https:\/\/www.storms-galerie.de\/wp-content\/uploads\/2025\/07\/albert-hien-portrait-240x300.jpg 240w, https:\/\/www.storms-galerie.de\/wp-content\/uploads\/2025\/07\/albert-hien-portrait-819x1024.jpg 819w, https:\/\/www.storms-galerie.de\/wp-content\/uploads\/2025\/07\/albert-hien-portrait-768x960.jpg 768w, https:\/\/www.storms-galerie.de\/wp-content\/uploads\/2025\/07\/albert-hien-portrait-992x1240.jpg 992w, https:\/\/www.storms-galerie.de\/wp-content\/uploads\/2025\/07\/albert-hien-portrait-1024x1280.jpg 1024w\" sizes=\"auto, (max-width: 1080px) 100vw, 1080px\" \/>\t\t\t\t\t<\/div>\n\n\t\t\t\t\t\n\t\t\t\t<\/div>\n\n\t\t\t\n\t\t<\/div><!-- end \/.ls-vc-image -->\n\n\t\t[\/vc_column][vc_column width=&#8221;2\/3&#8243;][vc_column_text css=&#8221;&#8221;]Albert Hien has been represented by the Walter Storms Galerie in Munich for more than 40 years and is being shown in his 15th solo exhibition.<br \/>\nDuring this time, he has created numerous site-specific environments and sculptures for large companies or public spaces, most recently with a 17-meter-high interior design for a historic clock tower in Munich. In recent years, Hien has mainly worked with light and neon.<\/p>\n<p>Albert Hien was represented twice at the documenta in Kassel with large sculptural works (documenta VII and VIII). In 1985 he took part in the German contribution to the S\u00e3o Paulo Biennial, curated by Armin Zweite. Major museum exhibitions have been held at the St\u00e4dtisches Museum Abteiberg, M\u00f6nchengladbach, the Josef-Haubrich Kunsthalle in Cologne, the Centro de Arte Reina Sof\u00eda, Madrid, Kunstmuseum Celle with the Robert Simon Collection, and the St\u00e4dtische Galerie im Lenbachhaus in Munich, which has several works by Hien in its collection.[\/vc_column_text][\/vc_column]\n\t\t\t<\/div>\n\n\t\t\t\n\t\t\t\n\t\t\t\n\t\t\t\n\t\t<\/section>\n\n\t\n\t\t<section  class=\"content-section      mb-20-xs mb-30-sm  \" >\n\n\t\t\t<div class=\"row   \">\n\n\t\t\t\t[vc_column][ls_vc_spacer vc_height=&#8221;30&#8243;][\/vc_column]\n\t\t\t<\/div>\n\n\t\t\t\n\t\t\t\n\t\t\t\n\t\t\t\n\t\t<\/section>\n\n\t\n\t\t<section  class=\"content-section      mb-20-xs mb-30-sm  \" >\n\n\t\t\t<div class=\"row   \">\n\n\t\t\t\t[vc_column][vc_column_text css=&#8221;&#8221;]<strong>education<\/strong><\/p>\n<p><strong>2001-22<\/strong><br \/>\nProfessorship at the Akademie der Bildenden K\u00fcnste, Munich<br \/>\n<strong>1997-01<\/strong><br \/>\nProfessorship at the Hochschule f\u00fcr Bildende K\u00fcnste, Braunschweig<br \/>\n<strong>1975-81<\/strong><br \/>\nStudies, Akademie der Bildenden K\u00fcnste, Munich<\/p>\n<div class=\"ls-shortcode-spacer clearfix\"><div class=\"spacer\"  style=\"height: 30px\"><\/div><\/div>\n<p><strong>selected solo exhibitions<\/strong><\/p>\n<p><strong>2024<\/strong><br \/>\nMovimenti, Walter Storms Galerie, Munich<br \/>\n<strong>2023<\/strong><br \/>\nPapalapap (edition\/presentation of prints), Kunsthaus ARTES, Hanover<br \/>\n<strong>2018<\/strong><br \/>\nScultura Poetica. Werke 1982-1990, Walter Storms Galerie, Munich<br \/>\n<strong>2016<\/strong><br \/>\nPapalapap (sculptures and light objects), Walter Storms Galerie, Munich<br \/>\n<strong>2014<\/strong><br \/>\nRetrospective 5 Jahre Schellingstra\u00dfe 48, Walter Storms Galerie, Munich<br \/>\n<strong>2006<\/strong><br \/>\nOrtobotanico, Kunstmuseum Heidenheim, Heidenheim a. d. Brenz<br \/>\n<strong>1995-97<\/strong><br \/>\nPlanetarium (spatial installation), Kunstmuseum Celle and traveling exhibition<br \/>\n<strong>1990<\/strong><br \/>\nGerman Pavilion EXPO 92 Sevilla<br \/>\n<strong>1991<\/strong><br \/>\nEdition Grotteschi, St\u00e4dtische Galerie im Lenbachhaus &amp; Kunstbau, Munich<\/p>\n<div class=\"ls-shortcode-spacer clearfix\"><div class=\"spacer\"  style=\"height: 30px\"><\/div><\/div>\n<p><strong>selected group exhibitions<\/strong><\/p>\n<p><strong>2025<br \/>\n<\/strong>materiell, Corbusierhaus Einheit 834, Berlin<strong><br \/>\n2022-23<\/strong><br \/>\nFantasy of Light, Galerie Braunbehrens, Stuttgart<br \/>\n<strong>2017<\/strong><br \/>\nSignal &#8211; Lichtkunst aus der Sammlung Robert Simon, Kunstmuseum Celle<br \/>\n<strong>2015<\/strong><br \/>\nLichtungen, Internationales Lichtkunstfestival, R\u00f6mer- &amp; Pelizaeus-Museum Hildesheim<br \/>\n<strong>2013<\/strong><br \/>\nScheinwerfer &#8211; European Light Art, Kunstmuseum Celle<br \/>\nCeci n&#8217;est pas une Lampe&#8230; , Gesellschaft f\u00fcr Kunst und Gestaltung, Bonn<br \/>\n<strong>2000<\/strong><br \/>\nZeitR\u00e4ume, Kunstmuseum Villa Zanders, Bergisch Gladbach<br \/>\n<strong>2009<\/strong><br \/>\nLeuchtzeichen, Kunstmuseum Celle<br \/>\n<strong>2006<\/strong><br \/>\nKunstLichtTore Bochum, Kunstmuseum Bochum<br \/>\n<strong>2005<\/strong><br \/>\nDe Kunst van TL (Tube Luminescent), Centre for International Light Art, Eindhoven<br \/>\n<strong>1987<\/strong><br \/>\ndocumenta 8, Kassel<br \/>\n<strong>1985<\/strong><br \/>\nBiennale of S\u00e3o Paulo, German contribution (curated by Armin Zweite)<br \/>\n<strong>1982<\/strong><br \/>\ndocumenta 7, Kassel[\/vc_column_text][\/vc_column]\n\t\t\t<\/div>\n\n\t\t\t\n\t\t\t\n\t\t\t\n\t\t\t\n\t\t<\/section>\n\n\t\n","protected":false},"excerpt":{"rendered":"[vc_column width=\"1\/3\"] [\/vc_column][vc_column width=\"2\/3\"][vc_column_text css=\"\"]Albert Hien has been represented by the Walter Storms Galerie in Munich for more than 40 years and is being shown in his 15th solo exhibition. During this time, he has created numerous site-specific environments and sculptures for large companies or public spaces, most recently with <a class=\"moretag\" href=\"https:\/\/www.storms-galerie.de\/en\/artists\/albert-hien\/biography\">read more...<\/a>","protected":false},"author":1,"featured_media":0,"parent":2683,"menu_order":42,"comment_status":"closed","ping_status":"closed","template":"","meta":{"_acf_changed":false,"footnotes":""},"class_list":["post-2696","page","type-page","status-publish","hentry"],"acf":[],"yoast_head":"<!-- This site is optimized with the Yoast SEO plugin v27.4 - https:\/\/yoast.com\/product\/yoast-seo-wordpress\/ -->\n<title>albert hien - biography - Walter Storms Galerie GmbH<\/title>\n<meta name=\"description\" content=\"The career of Albert Hien: education, exhibitions, and key milestones at a glance.\" \/>\n<meta name=\"robots\" content=\"index, follow, max-snippet:-1, max-image-preview:large, max-video-preview:-1\" \/>\n<link rel=\"canonical\" href=\"https:\/\/www.storms-galerie.de\/en\/artists\/albert-hien\/biography\" \/>\n<meta property=\"og:locale\" content=\"en_US\" \/>\n<meta property=\"og:type\" content=\"article\" \/>\n<meta property=\"og:title\" content=\"albert hien - biography - Walter Storms Galerie GmbH\" \/>\n<meta property=\"og:description\" content=\"The career of Albert Hien: education, exhibitions, and key milestones at a glance.\" \/>\n<meta property=\"og:url\" content=\"https:\/\/www.storms-galerie.de\/en\/artists\/albert-hien\/biography\" \/>\n<meta property=\"og:site_name\" content=\"Walter Storms Galerie GmbH\" \/>\n<meta property=\"article:modified_time\" content=\"2026-04-08T09:47:40+00:00\" \/>\n<meta name=\"twitter:card\" content=\"summary_large_image\" \/>\n<meta name=\"twitter:label1\" content=\"Est. reading time\" \/>\n\t<meta name=\"twitter:data1\" content=\"3 minutes\" \/>\n<script type=\"application\/ld+json\" class=\"yoast-schema-graph\">{\"@context\":\"https:\\\/\\\/schema.org\",\"@graph\":[{\"@type\":\"WebPage\",\"@id\":\"https:\\\/\\\/www.storms-galerie.de\\\/en\\\/artists\\\/albert-hien\\\/biography\",\"url\":\"https:\\\/\\\/www.storms-galerie.de\\\/en\\\/artists\\\/albert-hien\\\/biography\",\"name\":\"albert hien - biography - Walter Storms Galerie GmbH\",\"isPartOf\":{\"@id\":\"https:\\\/\\\/www.storms-galerie.de\\\/#website\"},\"datePublished\":\"2017-07-17T06:07:33+00:00\",\"dateModified\":\"2026-04-08T09:47:40+00:00\",\"description\":\"The career of Albert Hien: education, exhibitions, and key milestones at a glance.\",\"breadcrumb\":{\"@id\":\"https:\\\/\\\/www.storms-galerie.de\\\/en\\\/artists\\\/albert-hien\\\/biography#breadcrumb\"},\"inLanguage\":\"en-US\",\"potentialAction\":[{\"@type\":\"ReadAction\",\"target\":[\"https:\\\/\\\/www.storms-galerie.de\\\/en\\\/artists\\\/albert-hien\\\/biography\"]}]},{\"@type\":\"BreadcrumbList\",\"@id\":\"https:\\\/\\\/www.storms-galerie.de\\\/en\\\/artists\\\/albert-hien\\\/biography#breadcrumb\",\"itemListElement\":[{\"@type\":\"ListItem\",\"position\":1,\"name\":\"Startseite\",\"item\":\"https:\\\/\\\/www.storms-galerie.de\\\/en\"},{\"@type\":\"ListItem\",\"position\":2,\"name\":\"artists\",\"item\":\"https:\\\/\\\/www.storms-galerie.de\\\/en\\\/artists\"},{\"@type\":\"ListItem\",\"position\":3,\"name\":\"albert hien\",\"item\":\"https:\\\/\\\/www.storms-galerie.de\\\/en\\\/artists\\\/albert-hien\"},{\"@type\":\"ListItem\",\"position\":4,\"name\":\"biography\"}]},{\"@type\":\"WebSite\",\"@id\":\"https:\\\/\\\/www.storms-galerie.de\\\/#website\",\"url\":\"https:\\\/\\\/www.storms-galerie.de\\\/\",\"name\":\"Walter Storms Galerie GmbH\",\"description\":\"\",\"potentialAction\":[{\"@type\":\"SearchAction\",\"target\":{\"@type\":\"EntryPoint\",\"urlTemplate\":\"https:\\\/\\\/www.storms-galerie.de\\\/?s={search_term_string}\"},\"query-input\":{\"@type\":\"PropertyValueSpecification\",\"valueRequired\":true,\"valueName\":\"search_term_string\"}}],\"inLanguage\":\"en-US\"}]}<\/script>\n<!-- \/ Yoast SEO plugin. -->","yoast_head_json":{"title":"albert hien - biography - Walter Storms Galerie GmbH","description":"The career of Albert Hien: education, exhibitions, and key milestones at a glance.","robots":{"index":"index","follow":"follow","max-snippet":"max-snippet:-1","max-image-preview":"max-image-preview:large","max-video-preview":"max-video-preview:-1"},"canonical":"https:\/\/www.storms-galerie.de\/en\/artists\/albert-hien\/biography","og_locale":"en_US","og_type":"article","og_title":"albert hien - biography - Walter Storms Galerie GmbH","og_description":"The career of Albert Hien: education, exhibitions, and key milestones at a glance.","og_url":"https:\/\/www.storms-galerie.de\/en\/artists\/albert-hien\/biography","og_site_name":"Walter Storms Galerie GmbH","article_modified_time":"2026-04-08T09:47:40+00:00","twitter_card":"summary_large_image","twitter_misc":{"Est. reading time":"3 minutes"},"schema":{"@context":"https:\/\/schema.org","@graph":[{"@type":"WebPage","@id":"https:\/\/www.storms-galerie.de\/en\/artists\/albert-hien\/biography","url":"https:\/\/www.storms-galerie.de\/en\/artists\/albert-hien\/biography","name":"albert hien - biography - Walter Storms Galerie GmbH","isPartOf":{"@id":"https:\/\/www.storms-galerie.de\/#website"},"datePublished":"2017-07-17T06:07:33+00:00","dateModified":"2026-04-08T09:47:40+00:00","description":"The career of Albert Hien: education, exhibitions, and key milestones at a glance.","breadcrumb":{"@id":"https:\/\/www.storms-galerie.de\/en\/artists\/albert-hien\/biography#breadcrumb"},"inLanguage":"en-US","potentialAction":[{"@type":"ReadAction","target":["https:\/\/www.storms-galerie.de\/en\/artists\/albert-hien\/biography"]}]},{"@type":"BreadcrumbList","@id":"https:\/\/www.storms-galerie.de\/en\/artists\/albert-hien\/biography#breadcrumb","itemListElement":[{"@type":"ListItem","position":1,"name":"Startseite","item":"https:\/\/www.storms-galerie.de\/en"},{"@type":"ListItem","position":2,"name":"artists","item":"https:\/\/www.storms-galerie.de\/en\/artists"},{"@type":"ListItem","position":3,"name":"albert hien","item":"https:\/\/www.storms-galerie.de\/en\/artists\/albert-hien"},{"@type":"ListItem","position":4,"name":"biography"}]},{"@type":"WebSite","@id":"https:\/\/www.storms-galerie.de\/#website","url":"https:\/\/www.storms-galerie.de\/","name":"Walter Storms Galerie GmbH","description":"","potentialAction":[{"@type":"SearchAction","target":{"@type":"EntryPoint","urlTemplate":"https:\/\/www.storms-galerie.de\/?s={search_term_string}"},"query-input":{"@type":"PropertyValueSpecification","valueRequired":true,"valueName":"search_term_string"}}],"inLanguage":"en-US"}]}},"_links":{"self":[{"href":"https:\/\/www.storms-galerie.de\/en\/wp-json\/wp\/v2\/pages\/2696","targetHints":{"allow":["GET"]}}],"collection":[{"href":"https:\/\/www.storms-galerie.de\/en\/wp-json\/wp\/v2\/pages"}],"about":[{"href":"https:\/\/www.storms-galerie.de\/en\/wp-json\/wp\/v2\/types\/page"}],"author":[{"embeddable":true,"href":"https:\/\/www.storms-galerie.de\/en\/wp-json\/wp\/v2\/users\/1"}],"replies":[{"embeddable":true,"href":"https:\/\/www.storms-galerie.de\/en\/wp-json\/wp\/v2\/comments?post=2696"}],"version-history":[{"count":11,"href":"https:\/\/www.storms-galerie.de\/en\/wp-json\/wp\/v2\/pages\/2696\/revisions"}],"predecessor-version":[{"id":13152,"href":"https:\/\/www.storms-galerie.de\/en\/wp-json\/wp\/v2\/pages\/2696\/revisions\/13152"}],"up":[{"embeddable":true,"href":"https:\/\/www.storms-galerie.de\/en\/wp-json\/wp\/v2\/pages\/2683"}],"wp:attachment":[{"href":"https:\/\/www.storms-galerie.de\/en\/wp-json\/wp\/v2\/media?parent=2696"}],"curies":[{"name":"wp","href":"https:\/\/api.w.org\/{rel}","templated":true}]}}