{"id":12638,"date":"2025-11-20T15:56:05","date_gmt":"2025-11-20T14:56:05","guid":{"rendered":"https:\/\/www.storms-galerie.de\/?page_id=12638"},"modified":"2025-11-28T15:19:04","modified_gmt":"2025-11-28T14:19:04","slug":"press","status":"publish","type":"page","link":"https:\/\/www.storms-galerie.de\/en\/artists\/natalie-brehmer\/press","title":{"rendered":"press"},"content":{"rendered":"\n\t\t<section  class=\"content-section    pt-40-xs pt-50-md pt-70-lg  mb-20-xs mb-30-sm  \" >\n\n\t\t\t<div class=\"row   \">\n\n\t\t\t\t[vc_column][vc_column_text css=&#8221;&#8221;]<a href=\"https:\/\/www.storms-galerie.de\/wp-content\/uploads\/2025\/10\/brehmer.pdf\" target=\"_blank\" rel=\"noopener\">K\u00f6tzinger Zeitung<\/a>, 30.10.2025<br \/>\nN\u00e4chste Meilensteine: K\u00f6ln und Paris (German)<\/p>\n<p><a href=\"https:\/\/www.gallerytalk.net\/natalie-brehmer-schonheit-interessiert-mich-nicht\/\" target=\"_blank\" rel=\"noopener\">gallerytalk.net<\/a>, 8.6.2025<br \/>\n&#8220;Scho\u0308nheit interessiert mich nicht&#8221; Natalie Brehmer \u00fcber die Kraft des Unbequemen (German)[\/vc_column_text][\/vc_column]\n\t\t\t<\/div>\n\n\t\t\t\n\t\t\t\n\t\t\t\n\t\t\t\n\t\t<\/section>\n\n\t\n","protected":false},"excerpt":{"rendered":"[vc_column][vc_column_text css=\"\"]K\u00f6tzinger Zeitung, 30.10.2025 N\u00e4chste Meilensteine: K\u00f6ln und Paris (German) gallerytalk.net, 8.6.2025 \"Scho\u0308nheit interessiert mich nicht\" Natalie Brehmer \u00fcber die Kraft des Unbequemen (German)[\/vc_column_text][\/vc_column]","protected":false},"author":4,"featured_media":0,"parent":12630,"menu_order":4,"comment_status":"closed","ping_status":"closed","template":"","meta":{"_acf_changed":false,"footnotes":""},"class_list":["post-12638","page","type-page","status-publish","hentry"],"acf":[],"yoast_head":"<!-- This site is optimized with the Yoast SEO plugin v27.3 - https:\/\/yoast.com\/product\/yoast-seo-wordpress\/ -->\n<title>natalie brehmer - press - Walter Storms Galerie GmbH<\/title>\n<meta name=\"description\" content=\"Presseartikel, Interviews, Kritiken und Kataloge zu M\u00e1rton Nemes \u2013 Ver\u00f6ffentlichungen aus Medien und Kunstpublikationen.\" \/>\n<meta name=\"robots\" content=\"index, follow, max-snippet:-1, max-image-preview:large, max-video-preview:-1\" \/>\n<link rel=\"canonical\" href=\"https:\/\/www.storms-galerie.de\/en\/artists\/natalie-brehmer\/press\" \/>\n<meta property=\"og:locale\" content=\"en_US\" \/>\n<meta property=\"og:type\" content=\"article\" \/>\n<meta property=\"og:title\" content=\"natalie brehmer - press - Walter Storms Galerie GmbH\" \/>\n<meta property=\"og:description\" content=\"Presseartikel, Interviews, Kritiken und Kataloge zu M\u00e1rton Nemes \u2013 Ver\u00f6ffentlichungen aus Medien und Kunstpublikationen.\" \/>\n<meta property=\"og:url\" content=\"https:\/\/www.storms-galerie.de\/en\/artists\/natalie-brehmer\/press\" \/>\n<meta property=\"og:site_name\" content=\"Walter Storms Galerie GmbH\" \/>\n<meta property=\"article:modified_time\" content=\"2025-11-28T14:19:04+00:00\" \/>\n<meta name=\"twitter:card\" content=\"summary_large_image\" \/>\n<meta name=\"twitter:label1\" content=\"Est. reading time\" \/>\n\t<meta name=\"twitter:data1\" content=\"1 minute\" \/>\n<script type=\"application\/ld+json\" class=\"yoast-schema-graph\">{\"@context\":\"https:\\\/\\\/schema.org\",\"@graph\":[{\"@type\":\"WebPage\",\"@id\":\"https:\\\/\\\/www.storms-galerie.de\\\/en\\\/artists\\\/natalie-brehmer\\\/press\",\"url\":\"https:\\\/\\\/www.storms-galerie.de\\\/en\\\/artists\\\/natalie-brehmer\\\/press\",\"name\":\"natalie brehmer - press - Walter Storms Galerie GmbH\",\"isPartOf\":{\"@id\":\"https:\\\/\\\/www.storms-galerie.de\\\/#website\"},\"datePublished\":\"2025-11-20T14:56:05+00:00\",\"dateModified\":\"2025-11-28T14:19:04+00:00\",\"description\":\"Presseartikel, Interviews, Kritiken und Kataloge zu M\u00e1rton Nemes \u2013 Ver\u00f6ffentlichungen aus Medien und Kunstpublikationen.\",\"breadcrumb\":{\"@id\":\"https:\\\/\\\/www.storms-galerie.de\\\/en\\\/artists\\\/natalie-brehmer\\\/press#breadcrumb\"},\"inLanguage\":\"en-US\",\"potentialAction\":[{\"@type\":\"ReadAction\",\"target\":[\"https:\\\/\\\/www.storms-galerie.de\\\/en\\\/artists\\\/natalie-brehmer\\\/press\"]}]},{\"@type\":\"BreadcrumbList\",\"@id\":\"https:\\\/\\\/www.storms-galerie.de\\\/en\\\/artists\\\/natalie-brehmer\\\/press#breadcrumb\",\"itemListElement\":[{\"@type\":\"ListItem\",\"position\":1,\"name\":\"Startseite\",\"item\":\"https:\\\/\\\/www.storms-galerie.de\\\/en\"},{\"@type\":\"ListItem\",\"position\":2,\"name\":\"artists\",\"item\":\"https:\\\/\\\/www.storms-galerie.de\\\/en\\\/artists\"},{\"@type\":\"ListItem\",\"position\":3,\"name\":\"natalie brehmer\",\"item\":\"https:\\\/\\\/www.storms-galerie.de\\\/en\\\/artists\\\/natalie-brehmer\"},{\"@type\":\"ListItem\",\"position\":4,\"name\":\"press\"}]},{\"@type\":\"WebSite\",\"@id\":\"https:\\\/\\\/www.storms-galerie.de\\\/#website\",\"url\":\"https:\\\/\\\/www.storms-galerie.de\\\/\",\"name\":\"Walter Storms Galerie GmbH\",\"description\":\"\",\"potentialAction\":[{\"@type\":\"SearchAction\",\"target\":{\"@type\":\"EntryPoint\",\"urlTemplate\":\"https:\\\/\\\/www.storms-galerie.de\\\/?s={search_term_string}\"},\"query-input\":{\"@type\":\"PropertyValueSpecification\",\"valueRequired\":true,\"valueName\":\"search_term_string\"}}],\"inLanguage\":\"en-US\"}]}<\/script>\n<!-- \/ Yoast SEO plugin. -->","yoast_head_json":{"title":"natalie brehmer - press - Walter Storms Galerie GmbH","description":"Presseartikel, Interviews, Kritiken und Kataloge zu M\u00e1rton Nemes \u2013 Ver\u00f6ffentlichungen aus Medien und Kunstpublikationen.","robots":{"index":"index","follow":"follow","max-snippet":"max-snippet:-1","max-image-preview":"max-image-preview:large","max-video-preview":"max-video-preview:-1"},"canonical":"https:\/\/www.storms-galerie.de\/en\/artists\/natalie-brehmer\/press","og_locale":"en_US","og_type":"article","og_title":"natalie brehmer - press - Walter Storms Galerie GmbH","og_description":"Presseartikel, Interviews, Kritiken und Kataloge zu M\u00e1rton Nemes \u2013 Ver\u00f6ffentlichungen aus Medien und Kunstpublikationen.","og_url":"https:\/\/www.storms-galerie.de\/en\/artists\/natalie-brehmer\/press","og_site_name":"Walter Storms Galerie GmbH","article_modified_time":"2025-11-28T14:19:04+00:00","twitter_card":"summary_large_image","twitter_misc":{"Est. reading time":"1 minute"},"schema":{"@context":"https:\/\/schema.org","@graph":[{"@type":"WebPage","@id":"https:\/\/www.storms-galerie.de\/en\/artists\/natalie-brehmer\/press","url":"https:\/\/www.storms-galerie.de\/en\/artists\/natalie-brehmer\/press","name":"natalie brehmer - press - Walter Storms Galerie GmbH","isPartOf":{"@id":"https:\/\/www.storms-galerie.de\/#website"},"datePublished":"2025-11-20T14:56:05+00:00","dateModified":"2025-11-28T14:19:04+00:00","description":"Presseartikel, Interviews, Kritiken und Kataloge zu M\u00e1rton Nemes \u2013 Ver\u00f6ffentlichungen aus Medien und Kunstpublikationen.","breadcrumb":{"@id":"https:\/\/www.storms-galerie.de\/en\/artists\/natalie-brehmer\/press#breadcrumb"},"inLanguage":"en-US","potentialAction":[{"@type":"ReadAction","target":["https:\/\/www.storms-galerie.de\/en\/artists\/natalie-brehmer\/press"]}]},{"@type":"BreadcrumbList","@id":"https:\/\/www.storms-galerie.de\/en\/artists\/natalie-brehmer\/press#breadcrumb","itemListElement":[{"@type":"ListItem","position":1,"name":"Startseite","item":"https:\/\/www.storms-galerie.de\/en"},{"@type":"ListItem","position":2,"name":"artists","item":"https:\/\/www.storms-galerie.de\/en\/artists"},{"@type":"ListItem","position":3,"name":"natalie brehmer","item":"https:\/\/www.storms-galerie.de\/en\/artists\/natalie-brehmer"},{"@type":"ListItem","position":4,"name":"press"}]},{"@type":"WebSite","@id":"https:\/\/www.storms-galerie.de\/#website","url":"https:\/\/www.storms-galerie.de\/","name":"Walter Storms Galerie GmbH","description":"","potentialAction":[{"@type":"SearchAction","target":{"@type":"EntryPoint","urlTemplate":"https:\/\/www.storms-galerie.de\/?s={search_term_string}"},"query-input":{"@type":"PropertyValueSpecification","valueRequired":true,"valueName":"search_term_string"}}],"inLanguage":"en-US"}]}},"_links":{"self":[{"href":"https:\/\/www.storms-galerie.de\/en\/wp-json\/wp\/v2\/pages\/12638","targetHints":{"allow":["GET"]}}],"collection":[{"href":"https:\/\/www.storms-galerie.de\/en\/wp-json\/wp\/v2\/pages"}],"about":[{"href":"https:\/\/www.storms-galerie.de\/en\/wp-json\/wp\/v2\/types\/page"}],"author":[{"embeddable":true,"href":"https:\/\/www.storms-galerie.de\/en\/wp-json\/wp\/v2\/users\/4"}],"replies":[{"embeddable":true,"href":"https:\/\/www.storms-galerie.de\/en\/wp-json\/wp\/v2\/comments?post=12638"}],"version-history":[{"count":4,"href":"https:\/\/www.storms-galerie.de\/en\/wp-json\/wp\/v2\/pages\/12638\/revisions"}],"predecessor-version":[{"id":12683,"href":"https:\/\/www.storms-galerie.de\/en\/wp-json\/wp\/v2\/pages\/12638\/revisions\/12683"}],"up":[{"embeddable":true,"href":"https:\/\/www.storms-galerie.de\/en\/wp-json\/wp\/v2\/pages\/12630"}],"wp:attachment":[{"href":"https:\/\/www.storms-galerie.de\/en\/wp-json\/wp\/v2\/media?parent=12638"}],"curies":[{"name":"wp","href":"https:\/\/api.w.org\/{rel}","templated":true}]}}